{"id":1006,"date":"2022-11-21T10:23:10","date_gmt":"2022-11-21T15:23:10","guid":{"rendered":"https:\/\/medicamentquebec.ca\/?page_id=1006"},"modified":"2022-11-21T10:50:12","modified_gmt":"2022-11-21T15:50:12","slug":"repertoire-des-plateformes","status":"publish","type":"page","link":"https:\/\/medicamentquebec.ca\/index.php\/repertoire-des-plateformes\/","title":{"rendered":"R\u00c9PERTOIRE DES PLATEFORMES"},"content":{"rendered":"\n<p>Dans le but de mettre \u00e0 profit toute l\u2019expertise universitaire et coll\u00e9giale et son parc d\u2019infrastructures rattach\u00e9 \u00e0 la fili\u00e8re du m\u00e9dicament de mani\u00e8re \u00e0 en accro\u00eetre les impacts par synergie et partage, M\u00e9dicament Qu\u00e9bec met \u00e0 votre disposition les r\u00e9pertoires des plateformes structurantes afin d\u2019accro\u00eetre leurs visibilit\u00e9s et favoriser leurs recours.<\/p>\n\n\n\n<p>Dans le but de mettre \u00e0 profit toute l\u2019expertise universitaire et coll\u00e9giale et son parc d\u2019infrastructures rattach\u00e9 \u00e0 la fili\u00e8re du m\u00e9dicament de mani\u00e8re \u00e0 en accro\u00eetre les impacts par synergie et partage, M\u00e9dicament Qu\u00e9bec met \u00e0 votre disposition les r\u00e9pertoires des plateformes structurantes afin d\u2019accro\u00eetre leurs visibilit\u00e9s et favoriser leurs recours.<\/p>\n\n\n\n<p>Ces r\u00e9pertoires ont pour objectif de vous faciliter la recherche vers des plateformes existantes vous permettant de :<\/p>\n\n\n\n<ul class=\"wp-block-list\"><li>Renforcer les ponts entre l\u2019industrie et l\u2019acad\u00e9mique;<\/li><li>Encourager la recherche multi-institutionnelle et multidisciplinaire;<\/li><li>Favoriser la translation de la recherche fondamentale;<\/li><li>Soutenir le d\u00e9veloppement de plateformes structurantes et collaboratives.<\/li><\/ul>\n\n\n\n<p><\/p>\n\n\n\n<figure class=\"wp-block-table\"><table><tbody><tr><td><strong>Vous cherchez une plateforme<\/strong> <strong>technologique<\/strong> <strong>ou scientifique<\/strong><\/td><td class=\"has-text-align-right\" data-align=\"right\"><strong>Visitez le site<\/strong><\/td><\/tr><tr><td>Trouver des installations de recherche dans les universit\u00e9s, les coll\u00e8ges et les h\u00f4pitaux canadiens et d\u2019organisations f\u00e9d\u00e9rales du Canada, avec qui collaborer pour r\u00e9pondre \u00e0 un besoin en recherche et en innovation&nbsp;<\/td><td class=\"has-text-align-right\" data-align=\"right\"><a href=\"https:\/\/navigator.innovation.ca\/fr\">https:\/\/navigator.innovation.ca\/fr<\/a><\/td><\/tr><tr><td><br>Rejoindre la communaut\u00e9 d\u2019affaires des sciences de la vie et des technologies de la sant\u00e9 du Qu\u00e9bec (CASQ)&nbsp;<\/td><td class=\"has-text-align-right\" data-align=\"right\"><br><a href=\"https:\/\/casq.net\/\">https:\/\/casq.net\/<\/a><\/td><\/tr><tr><td><br>R\u00e9seau canadien des plateformes scientifiques<\/td><td class=\"has-text-align-right\" data-align=\"right\"><br><a href=\"https:\/\/cnsp-rcps.ca\/fr\/\">R\u00e9seau canadien des plateformes scientifiques (cnsp-rcps.ca)<\/a><\/td><\/tr><tr><td><br><strong>Vous cherchez une entreprise<\/strong><\/td><td class=\"has-text-align-right\" data-align=\"right\"><br><strong>Visitez le site<\/strong><\/td><\/tr><tr><td><br>Consulter la liste des entreprises par secteur d\u2019activit\u00e9, en visitant le r\u00e9pertoire mis \u00e0 votre disposition par le minist\u00e8re de l\u2019\u00c9conomie et de l\u2019innovation<\/td><td class=\"has-text-align-right\" data-align=\"right\"><br><a href=\"https:\/\/www.economie.gouv.qc.ca\/bibliotheque\/repertoires\/?no_cache=1\">https:\/\/www.economie.gouv.qc.ca\/bibliotheque\/repertoires\/?no_cache=1<\/a><\/td><\/tr><tr><td><br>Acc\u00e9der \u00e0 la liste des centres de recherche gouvernementaux et \u00e9tablir des partenariats ou avoir acc\u00e8s \u00e0 ces installations<\/td><td class=\"has-text-align-right\" data-align=\"right\"><br><a href=\"https:\/\/www.canada.ca\/fr\/services\/science\/instituts.html\">Instituts et \u00e9tablissements de recherche \u2013 Canada.ca<\/a><\/td><\/tr><\/tbody><\/table><\/figure>\n","protected":false},"excerpt":{"rendered":"<p>Dans le but de mettre \u00e0 profit toute l\u2019expertise universitaire et coll\u00e9giale et son parc d\u2019infrastructures rattach\u00e9 \u00e0 la fili\u00e8re du m\u00e9dicament de mani\u00e8re \u00e0&#8230;<\/p>\n<p class=\"readmore\"><a class=\"more-btn\" href=\"https:\/\/medicamentquebec.ca\/index.php\/repertoire-des-plateformes\/\">Lire la suite<\/a><\/p>\n","protected":false},"author":4,"featured_media":0,"parent":0,"menu_order":0,"comment_status":"closed","ping_status":"closed","template":"","meta":{"footnotes":""},"class_list":["post-1006","page","type-page","status-publish","hentry"],"yoast_head":"<!-- This site is optimized with the Yoast SEO plugin v27.5 - https:\/\/yoast.com\/product\/yoast-seo-wordpress\/ -->\n<title>R\u00c9PERTOIRE DES PLATEFORMES - M\u00e9dicament Qu\u00e9bec<\/title>\n<meta name=\"description\" content=\"En favorisant les partenariats entre les universit\u00e9s, les coll\u00e8ges et des entreprises pharmaceutiques, M\u00e9dicament Qu\u00e9bec acc\u00e9l\u00e8re la d\u00e9couverte et la production du m\u00e9dicament et l\u2019innovation en sant\u00e9.\" \/>\n<meta name=\"robots\" content=\"index, follow, max-snippet:-1, max-image-preview:large, max-video-preview:-1\" \/>\n<link rel=\"canonical\" href=\"https:\/\/medicamentquebec.ca\/index.php\/repertoire-des-plateformes\/\" \/>\n<meta property=\"og:locale\" content=\"fr_FR\" \/>\n<meta property=\"og:type\" content=\"article\" \/>\n<meta property=\"og:title\" content=\"R\u00c9PERTOIRE DES PLATEFORMES - M\u00e9dicament Qu\u00e9bec\" \/>\n<meta property=\"og:description\" content=\"En favorisant les partenariats entre les universit\u00e9s, les coll\u00e8ges et des entreprises pharmaceutiques, M\u00e9dicament Qu\u00e9bec acc\u00e9l\u00e8re la d\u00e9couverte et la production du m\u00e9dicament et l\u2019innovation en sant\u00e9.\" \/>\n<meta property=\"og:url\" content=\"https:\/\/medicamentquebec.ca\/index.php\/repertoire-des-plateformes\/\" \/>\n<meta property=\"og:site_name\" content=\"M\u00e9dicament Qu\u00e9bec\" \/>\n<meta property=\"article:modified_time\" content=\"2022-11-21T15:50:12+00:00\" \/>\n<meta name=\"twitter:card\" content=\"summary_large_image\" \/>\n<meta name=\"twitter:label1\" content=\"Dur\u00e9e de lecture estim\u00e9e\" \/>\n\t<meta name=\"twitter:data1\" content=\"2 minutes\" \/>\n<script type=\"application\/ld+json\" class=\"yoast-schema-graph\">{\"@context\":\"https:\\\/\\\/schema.org\",\"@graph\":[{\"@type\":\"WebPage\",\"@id\":\"https:\\\/\\\/medicamentquebec.ca\\\/index.php\\\/repertoire-des-plateformes\\\/\",\"url\":\"https:\\\/\\\/medicamentquebec.ca\\\/index.php\\\/repertoire-des-plateformes\\\/\",\"name\":\"R\u00c9PERTOIRE DES PLATEFORMES - M\u00e9dicament Qu\u00e9bec\",\"isPartOf\":{\"@id\":\"https:\\\/\\\/medicamentquebec.ca\\\/#website\"},\"datePublished\":\"2022-11-21T15:23:10+00:00\",\"dateModified\":\"2022-11-21T15:50:12+00:00\",\"description\":\"En favorisant les partenariats entre les universit\u00e9s, les coll\u00e8ges et des entreprises pharmaceutiques, M\u00e9dicament Qu\u00e9bec acc\u00e9l\u00e8re la d\u00e9couverte et la production du m\u00e9dicament et l\u2019innovation en sant\u00e9.\",\"breadcrumb\":{\"@id\":\"https:\\\/\\\/medicamentquebec.ca\\\/index.php\\\/repertoire-des-plateformes\\\/#breadcrumb\"},\"inLanguage\":\"fr-FR\",\"potentialAction\":[{\"@type\":\"ReadAction\",\"target\":[\"https:\\\/\\\/medicamentquebec.ca\\\/index.php\\\/repertoire-des-plateformes\\\/\"]}]},{\"@type\":\"BreadcrumbList\",\"@id\":\"https:\\\/\\\/medicamentquebec.ca\\\/index.php\\\/repertoire-des-plateformes\\\/#breadcrumb\",\"itemListElement\":[{\"@type\":\"ListItem\",\"position\":1,\"name\":\"Accueil\",\"item\":\"https:\\\/\\\/medicamentquebec.ca\\\/\"},{\"@type\":\"ListItem\",\"position\":2,\"name\":\"R\u00c9PERTOIRE DES PLATEFORMES\"}]},{\"@type\":\"WebSite\",\"@id\":\"https:\\\/\\\/medicamentquebec.ca\\\/#website\",\"url\":\"https:\\\/\\\/medicamentquebec.ca\\\/\",\"name\":\"M\u00e9dicament Qu\u00e9bec\",\"description\":\"\",\"publisher\":{\"@id\":\"https:\\\/\\\/medicamentquebec.ca\\\/#organization\"},\"potentialAction\":[{\"@type\":\"SearchAction\",\"target\":{\"@type\":\"EntryPoint\",\"urlTemplate\":\"https:\\\/\\\/medicamentquebec.ca\\\/?s={search_term_string}\"},\"query-input\":{\"@type\":\"PropertyValueSpecification\",\"valueRequired\":true,\"valueName\":\"search_term_string\"}}],\"inLanguage\":\"fr-FR\"},{\"@type\":\"Organization\",\"@id\":\"https:\\\/\\\/medicamentquebec.ca\\\/#organization\",\"name\":\"M\u00e9dicament Qu\u00e9bec\",\"url\":\"https:\\\/\\\/medicamentquebec.ca\\\/\",\"logo\":{\"@type\":\"ImageObject\",\"inLanguage\":\"fr-FR\",\"@id\":\"https:\\\/\\\/medicamentquebec.ca\\\/#\\\/schema\\\/logo\\\/image\\\/\",\"url\":\"https:\\\/\\\/medicamentquebec.ca\\\/wp-content\\\/uploads\\\/2021\\\/06\\\/logo-alt_mq.png\",\"contentUrl\":\"https:\\\/\\\/medicamentquebec.ca\\\/wp-content\\\/uploads\\\/2021\\\/06\\\/logo-alt_mq.png\",\"width\":494,\"height\":266,\"caption\":\"M\u00e9dicament Qu\u00e9bec\"},\"image\":{\"@id\":\"https:\\\/\\\/medicamentquebec.ca\\\/#\\\/schema\\\/logo\\\/image\\\/\"}}]}<\/script>\n<!-- \/ Yoast SEO plugin. -->","yoast_head_json":{"title":"R\u00c9PERTOIRE DES PLATEFORMES - M\u00e9dicament Qu\u00e9bec","description":"En favorisant les partenariats entre les universit\u00e9s, les coll\u00e8ges et des entreprises pharmaceutiques, M\u00e9dicament Qu\u00e9bec acc\u00e9l\u00e8re la d\u00e9couverte et la production du m\u00e9dicament et l\u2019innovation en sant\u00e9.","robots":{"index":"index","follow":"follow","max-snippet":"max-snippet:-1","max-image-preview":"max-image-preview:large","max-video-preview":"max-video-preview:-1"},"canonical":"https:\/\/medicamentquebec.ca\/index.php\/repertoire-des-plateformes\/","og_locale":"fr_FR","og_type":"article","og_title":"R\u00c9PERTOIRE DES PLATEFORMES - M\u00e9dicament Qu\u00e9bec","og_description":"En favorisant les partenariats entre les universit\u00e9s, les coll\u00e8ges et des entreprises pharmaceutiques, M\u00e9dicament Qu\u00e9bec acc\u00e9l\u00e8re la d\u00e9couverte et la production du m\u00e9dicament et l\u2019innovation en sant\u00e9.","og_url":"https:\/\/medicamentquebec.ca\/index.php\/repertoire-des-plateformes\/","og_site_name":"M\u00e9dicament Qu\u00e9bec","article_modified_time":"2022-11-21T15:50:12+00:00","twitter_card":"summary_large_image","twitter_misc":{"Dur\u00e9e de lecture estim\u00e9e":"2 minutes"},"schema":{"@context":"https:\/\/schema.org","@graph":[{"@type":"WebPage","@id":"https:\/\/medicamentquebec.ca\/index.php\/repertoire-des-plateformes\/","url":"https:\/\/medicamentquebec.ca\/index.php\/repertoire-des-plateformes\/","name":"R\u00c9PERTOIRE DES PLATEFORMES - M\u00e9dicament Qu\u00e9bec","isPartOf":{"@id":"https:\/\/medicamentquebec.ca\/#website"},"datePublished":"2022-11-21T15:23:10+00:00","dateModified":"2022-11-21T15:50:12+00:00","description":"En favorisant les partenariats entre les universit\u00e9s, les coll\u00e8ges et des entreprises pharmaceutiques, M\u00e9dicament Qu\u00e9bec acc\u00e9l\u00e8re la d\u00e9couverte et la production du m\u00e9dicament et l\u2019innovation en sant\u00e9.","breadcrumb":{"@id":"https:\/\/medicamentquebec.ca\/index.php\/repertoire-des-plateformes\/#breadcrumb"},"inLanguage":"fr-FR","potentialAction":[{"@type":"ReadAction","target":["https:\/\/medicamentquebec.ca\/index.php\/repertoire-des-plateformes\/"]}]},{"@type":"BreadcrumbList","@id":"https:\/\/medicamentquebec.ca\/index.php\/repertoire-des-plateformes\/#breadcrumb","itemListElement":[{"@type":"ListItem","position":1,"name":"Accueil","item":"https:\/\/medicamentquebec.ca\/"},{"@type":"ListItem","position":2,"name":"R\u00c9PERTOIRE DES PLATEFORMES"}]},{"@type":"WebSite","@id":"https:\/\/medicamentquebec.ca\/#website","url":"https:\/\/medicamentquebec.ca\/","name":"M\u00e9dicament Qu\u00e9bec","description":"","publisher":{"@id":"https:\/\/medicamentquebec.ca\/#organization"},"potentialAction":[{"@type":"SearchAction","target":{"@type":"EntryPoint","urlTemplate":"https:\/\/medicamentquebec.ca\/?s={search_term_string}"},"query-input":{"@type":"PropertyValueSpecification","valueRequired":true,"valueName":"search_term_string"}}],"inLanguage":"fr-FR"},{"@type":"Organization","@id":"https:\/\/medicamentquebec.ca\/#organization","name":"M\u00e9dicament Qu\u00e9bec","url":"https:\/\/medicamentquebec.ca\/","logo":{"@type":"ImageObject","inLanguage":"fr-FR","@id":"https:\/\/medicamentquebec.ca\/#\/schema\/logo\/image\/","url":"https:\/\/medicamentquebec.ca\/wp-content\/uploads\/2021\/06\/logo-alt_mq.png","contentUrl":"https:\/\/medicamentquebec.ca\/wp-content\/uploads\/2021\/06\/logo-alt_mq.png","width":494,"height":266,"caption":"M\u00e9dicament Qu\u00e9bec"},"image":{"@id":"https:\/\/medicamentquebec.ca\/#\/schema\/logo\/image\/"}}]}},"_links":{"self":[{"href":"https:\/\/medicamentquebec.ca\/index.php\/wp-json\/wp\/v2\/pages\/1006","targetHints":{"allow":["GET"]}}],"collection":[{"href":"https:\/\/medicamentquebec.ca\/index.php\/wp-json\/wp\/v2\/pages"}],"about":[{"href":"https:\/\/medicamentquebec.ca\/index.php\/wp-json\/wp\/v2\/types\/page"}],"author":[{"embeddable":true,"href":"https:\/\/medicamentquebec.ca\/index.php\/wp-json\/wp\/v2\/users\/4"}],"replies":[{"embeddable":true,"href":"https:\/\/medicamentquebec.ca\/index.php\/wp-json\/wp\/v2\/comments?post=1006"}],"version-history":[{"count":4,"href":"https:\/\/medicamentquebec.ca\/index.php\/wp-json\/wp\/v2\/pages\/1006\/revisions"}],"predecessor-version":[{"id":1011,"href":"https:\/\/medicamentquebec.ca\/index.php\/wp-json\/wp\/v2\/pages\/1006\/revisions\/1011"}],"wp:attachment":[{"href":"https:\/\/medicamentquebec.ca\/index.php\/wp-json\/wp\/v2\/media?parent=1006"}],"curies":[{"name":"wp","href":"https:\/\/api.w.org\/{rel}","templated":true}]}}