{"id":1845,"date":"2024-10-24T11:39:20","date_gmt":"2024-10-24T15:39:20","guid":{"rendered":"https:\/\/medicamentquebec.ca\/?page_id=1845"},"modified":"2026-03-12T09:03:19","modified_gmt":"2026-03-12T13:03:19","slug":"acces-industriel-plateformes-academiques","status":"publish","type":"page","link":"https:\/\/medicamentquebec.ca\/index.php\/acces-industriel-plateformes-academiques\/","title":{"rendered":"Acc\u00e8s industriel aux plateformes acad\u00e9miques"},"content":{"rendered":"<p>[vc_row][vc_column][vc_column_text]<\/p>\r\n<p>M\u00e9dicament Qu\u00e9bec \u2013 f\u00e9vrier 2026<\/p>\r\n\r\n\r\n\r\n<p><strong>M\u00e9dicament Qu\u00e9bec invite les entreprises qu\u00e9b\u00e9coises en sciences de la vie \u00e0 proposer une activit\u00e9 structurante de recherche collaborative li\u00e9e au d\u00e9veloppement de m\u00e9dicaments et de vaccins.<\/strong> L\u2019objectif est de faciliter l\u2019acc\u00e8s des entreprises aux expertises, \u00e9quipements et infrastructures acad\u00e9miques, tout en assurant un r\u00f4le de maillage actif entre l\u2019industrie et le milieu acad\u00e9mique. Les fonds offerts couvrent uniquement les d\u00e9penses r\u00e9alis\u00e9es dans les institutions publiques de recherche qu\u00e9b\u00e9coises.<\/p>\r\n<p><strong>Cet appel vise \u00e0 :<\/strong><\/p>\r\n<ul>\r\n<li>R\u00e9pondre aux besoins du secteur industriel ;<\/li>\r\n<li>Acc\u00e9l\u00e9rer les collaborations industrie\u2013acad\u00e9mia au Qu\u00e9bec ;<\/li>\r\n<li>Cr\u00e9er\/optimiser des infrastructures, outils ou autres initiatives qui auront des retomb\u00e9es pour la soci\u00e9t\u00e9 qu\u00e9b\u00e9coise, des perspectives de valorisation et\/ou \u00eatre p\u00e9rennis\u00e9s par l\u2019industrie et\/ou l\u2019acad\u00e9mia\u00a0;<\/li>\r\n<li>Maximiser l\u2019impact des infrastructures acad\u00e9miques existantes ;<\/li>\r\n<li>Acc\u00e9l\u00e9rer le transfert de la recherche pr\u00e9clinique vers des applications ;<\/li>\r\n<li>Soutenir des activit\u00e9s \u00e0 fort impact translationnel et \u00e0 haut potentiel de p\u00e9rennisation ;<\/li>\r\n<li>Renforcer les chaines d\u2019approvisionnement locales.<\/li>\r\n<\/ul>\r\n\r\n\r\n\r\n<div aria-hidden=\"true\">\u00a0<\/div>\r\n<h3 aria-hidden=\"true\">Processus<\/h3>\r\n<div aria-hidden=\"true\">\u00a0<\/div>\r\n<div aria-hidden=\"true\"><strong>Date limite de d\u00e9p\u00f4t de la d\u00e9claration d\u2019int\u00e9r\u00eat: 31 mars 2026<\/strong><\/div>\r\n<div aria-hidden=\"true\">\r\n<p><strong>Date limite de d\u00e9p\u00f4t de la demande compl\u00e8te : sur invitation<\/strong><\/p>\r\n<p>L\u2019appel se fait de mani\u00e8re continue et les documents seront trait\u00e9s sur une base de<strong> premier arriv\u00e9, premier servi.<\/strong><\/p>\r\n<p><strong>L\u2019appel se d\u00e9roule en deux \u00e9tapes :<\/strong><\/p>\r\n<ol>\r\n<li><strong>D\u00e9claration d\u2019int\u00e9r\u00eat<\/strong><br \/>Les entreprises soumettent une proposition de recherche collaborative et structurante qui fera l\u2019objet d\u2019une analyse et d\u2019un accompagnement par M\u00e9dicament Qu\u00e9bec, incluant, si n\u00e9cessaire, l\u2019identification de chercheurs et de plateformes acad\u00e9miques, ainsi que la facilitation des maillages.<\/li>\r\n<li><strong>Demande compl\u00e8te<\/strong><br \/>Les \u00e9quipes dont la d\u00e9claration d\u2019int\u00e9r\u00eat sera consid\u00e9r\u00e9e compl\u00e8te et admissible seront invit\u00e9es \u00e0 d\u00e9poser une demande compl\u00e8te conjointe. Les dossiers seront \u00e9valu\u00e9s par des experts ind\u00e9pendants et trait\u00e9s sur une base continue. Le financement sera accord\u00e9 jusqu\u2019\u00e0 \u00e9puisement de l\u2019enveloppe disponible.<\/li>\r\n<\/ol>\r\n<\/div>\r\n<p>&nbsp;<\/p>\r\n<h3><a>Documentation<\/a><\/h3>\r\n\r\n\r\n\r\n\r\n\r\n<div class=\"wp-block-buttons\">\r\n<div><a href=\"https:\/\/medicamentquebec.ca\/wp-content\/uploads\/2026\/02\/One-Pager_Acces-industriel_FR.pdf\" target=\"_blank\" rel=\"noopener\">Le r\u00e9sum\u00e9 du programme<\/a><br \/><br \/><\/div>\r\n<div><a href=\"https:\/\/medicamentquebec.ca\/wp-content\/uploads\/2026\/02\/Guide-daccompagnement_2026-02-25_FR_FINAL-1.pdf\" target=\"_blank\" rel=\"noopener\">Guide du programme<\/a><\/div>\r\n<\/div>\r\n<div>\u00a0<\/div>\r\n<div><a href=\"https:\/\/medicamentquebec.ca\/wp-content\/uploads\/2026\/02\/Formulaire-de-declaration-dinteret_2026-02-25_FINAL.docx\" target=\"_blank\" rel=\"noopener\">Formulaire de d\u00e9claration d&#8217;int\u00e9r\u00eats<\/a><\/div>\r\n<div>\u00a0<\/div>\r\n<div>\u00a0<\/div>\r\n<h3><a>Webinaire d&#8217;information<\/a><\/h3>\r\n<p>Un webinaire d\u2019information a eu lieu le 10 mars.<\/p>\r\n<p><a href=\"https:\/\/youtu.be\/lr-GfPKKmoo\"><img loading=\"lazy\" decoding=\"async\" class=\"alignnone size-medium wp-image-3482\" src=\"https:\/\/medicamentquebec.ca\/wp-content\/uploads\/2026\/03\/Webinaire-300x160.png\" alt=\"\" width=\"300\" height=\"160\" srcset=\"https:\/\/medicamentquebec.ca\/wp-content\/uploads\/2026\/03\/Webinaire-300x160.png 300w, https:\/\/medicamentquebec.ca\/wp-content\/uploads\/2026\/03\/Webinaire.png 720w\" sizes=\"auto, (max-width: 300px) 100vw, 300px\" \/><\/a><\/p>\r\n<p><strong><a href=\"https:\/\/youtu.be\/lr-GfPKKmoo\" target=\"_blank\" rel=\"noopener\">Cliquez ici visionner le webinaire<\/a><\/strong><\/p>\r\n<p><strong><a href=\"https:\/\/medicamentquebec.ca\/wp-content\/uploads\/2026\/03\/Medicament-Quebec-_-Acces-industriel-aux-plateformes-academiques-10-mars-2026-1.pdf\">Consultez la pr\u00e9sentation<\/a><\/strong><\/p>\r\n\r\n\r\n\r\n\r\n\r\n<div class=\"wp-block-spacer\" style=\"height: 36px;\" aria-hidden=\"true\">\u00a0<\/div>\r\n\r\n\r\n\r\n<p class=\"has-text-align-left\">Pour informations ou demande de soutien communiquez rapidement avec l\u2019\u00e9quipe de M\u00e9dicament Qu\u00e9bec \u00e0 <a href=\"mailto:medicament-quebec@umontreal.ca\" target=\"_blank\" rel=\"noreferrer noopener\">medicament-quebec@umontreal.ca<\/a><\/p>\r\n\r\n\r\n\r\n<p class=\"has-text-align-left\"><\/p>\r\n\r\n<p class=\"has-text-align-left\"><\/p>\r\n<p>&nbsp;<\/p>\r\n<p>[\/vc_column_text][\/vc_column][\/vc_row]<\/p>","protected":false},"excerpt":{"rendered":"<p>[vc_row][vc_column][vc_column_text] M\u00e9dicament Qu\u00e9bec \u2013 f\u00e9vrier 2026 M\u00e9dicament Qu\u00e9bec invite les entreprises qu\u00e9b\u00e9coises en sciences de la vie \u00e0 proposer une activit\u00e9 structurante de recherche collaborative&#8230;<\/p>\n<p class=\"readmore\"><a class=\"more-btn\" href=\"https:\/\/medicamentquebec.ca\/index.php\/acces-industriel-plateformes-academiques\/\">Lire la suite<\/a><\/p>\n","protected":false},"author":5,"featured_media":0,"parent":0,"menu_order":0,"comment_status":"closed","ping_status":"closed","template":"","meta":{"footnotes":""},"class_list":["post-1845","page","type-page","status-publish","hentry"],"yoast_head":"<!-- This site is optimized with the Yoast SEO plugin v27.3 - https:\/\/yoast.com\/product\/yoast-seo-wordpress\/ -->\n<title>Acc\u00e8s industriel aux plateformes acad\u00e9miques - M\u00e9dicament Qu\u00e9bec<\/title>\n<meta name=\"description\" content=\"En favorisant les partenariats entre les universit\u00e9s, les coll\u00e8ges et des entreprises pharmaceutiques, M\u00e9dicament Qu\u00e9bec acc\u00e9l\u00e8re la d\u00e9couverte et la production du m\u00e9dicament et l\u2019innovation en sant\u00e9.\" \/>\n<meta name=\"robots\" content=\"index, follow, max-snippet:-1, max-image-preview:large, max-video-preview:-1\" \/>\n<link rel=\"canonical\" href=\"https:\/\/medicamentquebec.ca\/index.php\/acces-industriel-plateformes-academiques\/\" \/>\n<meta property=\"og:locale\" content=\"fr_FR\" \/>\n<meta property=\"og:type\" content=\"article\" \/>\n<meta property=\"og:title\" content=\"Acc\u00e8s industriel aux plateformes acad\u00e9miques - M\u00e9dicament Qu\u00e9bec\" \/>\n<meta property=\"og:description\" content=\"En favorisant les partenariats entre les universit\u00e9s, les coll\u00e8ges et des entreprises pharmaceutiques, M\u00e9dicament Qu\u00e9bec acc\u00e9l\u00e8re la d\u00e9couverte et la production du m\u00e9dicament et l\u2019innovation en sant\u00e9.\" \/>\n<meta property=\"og:url\" content=\"https:\/\/medicamentquebec.ca\/index.php\/acces-industriel-plateformes-academiques\/\" \/>\n<meta property=\"og:site_name\" content=\"M\u00e9dicament Qu\u00e9bec\" \/>\n<meta property=\"article:modified_time\" content=\"2026-03-12T13:03:19+00:00\" \/>\n<meta property=\"og:image\" content=\"https:\/\/medicamentquebec.ca\/wp-content\/uploads\/2026\/03\/Webinaire.png\" \/>\n\t<meta property=\"og:image:width\" content=\"720\" \/>\n\t<meta property=\"og:image:height\" content=\"384\" \/>\n\t<meta property=\"og:image:type\" content=\"image\/png\" \/>\n<meta name=\"twitter:card\" content=\"summary_large_image\" \/>\n<meta name=\"twitter:label1\" content=\"Dur\u00e9e de lecture estim\u00e9e\" \/>\n\t<meta name=\"twitter:data1\" content=\"2 minutes\" \/>\n<script type=\"application\/ld+json\" class=\"yoast-schema-graph\">{\"@context\":\"https:\\\/\\\/schema.org\",\"@graph\":[{\"@type\":\"WebPage\",\"@id\":\"https:\\\/\\\/medicamentquebec.ca\\\/index.php\\\/acces-industriel-plateformes-academiques\\\/\",\"url\":\"https:\\\/\\\/medicamentquebec.ca\\\/index.php\\\/acces-industriel-plateformes-academiques\\\/\",\"name\":\"Acc\u00e8s industriel aux plateformes acad\u00e9miques - M\u00e9dicament Qu\u00e9bec\",\"isPartOf\":{\"@id\":\"https:\\\/\\\/medicamentquebec.ca\\\/#website\"},\"primaryImageOfPage\":{\"@id\":\"https:\\\/\\\/medicamentquebec.ca\\\/index.php\\\/acces-industriel-plateformes-academiques\\\/#primaryimage\"},\"image\":{\"@id\":\"https:\\\/\\\/medicamentquebec.ca\\\/index.php\\\/acces-industriel-plateformes-academiques\\\/#primaryimage\"},\"thumbnailUrl\":\"https:\\\/\\\/medicamentquebec.ca\\\/wp-content\\\/uploads\\\/2026\\\/03\\\/Webinaire-300x160.png\",\"datePublished\":\"2024-10-24T15:39:20+00:00\",\"dateModified\":\"2026-03-12T13:03:19+00:00\",\"description\":\"En favorisant les partenariats entre les universit\u00e9s, les coll\u00e8ges et des entreprises pharmaceutiques, M\u00e9dicament Qu\u00e9bec acc\u00e9l\u00e8re la d\u00e9couverte et la production du m\u00e9dicament et l\u2019innovation en sant\u00e9.\",\"breadcrumb\":{\"@id\":\"https:\\\/\\\/medicamentquebec.ca\\\/index.php\\\/acces-industriel-plateformes-academiques\\\/#breadcrumb\"},\"inLanguage\":\"fr-FR\",\"potentialAction\":[{\"@type\":\"ReadAction\",\"target\":[\"https:\\\/\\\/medicamentquebec.ca\\\/index.php\\\/acces-industriel-plateformes-academiques\\\/\"]}]},{\"@type\":\"ImageObject\",\"inLanguage\":\"fr-FR\",\"@id\":\"https:\\\/\\\/medicamentquebec.ca\\\/index.php\\\/acces-industriel-plateformes-academiques\\\/#primaryimage\",\"url\":\"https:\\\/\\\/medicamentquebec.ca\\\/wp-content\\\/uploads\\\/2026\\\/03\\\/Webinaire.png\",\"contentUrl\":\"https:\\\/\\\/medicamentquebec.ca\\\/wp-content\\\/uploads\\\/2026\\\/03\\\/Webinaire.png\",\"width\":720,\"height\":384},{\"@type\":\"BreadcrumbList\",\"@id\":\"https:\\\/\\\/medicamentquebec.ca\\\/index.php\\\/acces-industriel-plateformes-academiques\\\/#breadcrumb\",\"itemListElement\":[{\"@type\":\"ListItem\",\"position\":1,\"name\":\"Accueil\",\"item\":\"https:\\\/\\\/medicamentquebec.ca\\\/\"},{\"@type\":\"ListItem\",\"position\":2,\"name\":\"Acc\u00e8s industriel aux plateformes acad\u00e9miques\"}]},{\"@type\":\"WebSite\",\"@id\":\"https:\\\/\\\/medicamentquebec.ca\\\/#website\",\"url\":\"https:\\\/\\\/medicamentquebec.ca\\\/\",\"name\":\"M\u00e9dicament Qu\u00e9bec\",\"description\":\"\",\"publisher\":{\"@id\":\"https:\\\/\\\/medicamentquebec.ca\\\/#organization\"},\"potentialAction\":[{\"@type\":\"SearchAction\",\"target\":{\"@type\":\"EntryPoint\",\"urlTemplate\":\"https:\\\/\\\/medicamentquebec.ca\\\/?s={search_term_string}\"},\"query-input\":{\"@type\":\"PropertyValueSpecification\",\"valueRequired\":true,\"valueName\":\"search_term_string\"}}],\"inLanguage\":\"fr-FR\"},{\"@type\":\"Organization\",\"@id\":\"https:\\\/\\\/medicamentquebec.ca\\\/#organization\",\"name\":\"M\u00e9dicament Qu\u00e9bec\",\"url\":\"https:\\\/\\\/medicamentquebec.ca\\\/\",\"logo\":{\"@type\":\"ImageObject\",\"inLanguage\":\"fr-FR\",\"@id\":\"https:\\\/\\\/medicamentquebec.ca\\\/#\\\/schema\\\/logo\\\/image\\\/\",\"url\":\"https:\\\/\\\/medicamentquebec.ca\\\/wp-content\\\/uploads\\\/2021\\\/06\\\/logo-alt_mq.png\",\"contentUrl\":\"https:\\\/\\\/medicamentquebec.ca\\\/wp-content\\\/uploads\\\/2021\\\/06\\\/logo-alt_mq.png\",\"width\":494,\"height\":266,\"caption\":\"M\u00e9dicament Qu\u00e9bec\"},\"image\":{\"@id\":\"https:\\\/\\\/medicamentquebec.ca\\\/#\\\/schema\\\/logo\\\/image\\\/\"}}]}<\/script>\n<!-- \/ Yoast SEO plugin. -->","yoast_head_json":{"title":"Acc\u00e8s industriel aux plateformes acad\u00e9miques - M\u00e9dicament Qu\u00e9bec","description":"En favorisant les partenariats entre les universit\u00e9s, les coll\u00e8ges et des entreprises pharmaceutiques, M\u00e9dicament Qu\u00e9bec acc\u00e9l\u00e8re la d\u00e9couverte et la production du m\u00e9dicament et l\u2019innovation en sant\u00e9.","robots":{"index":"index","follow":"follow","max-snippet":"max-snippet:-1","max-image-preview":"max-image-preview:large","max-video-preview":"max-video-preview:-1"},"canonical":"https:\/\/medicamentquebec.ca\/index.php\/acces-industriel-plateformes-academiques\/","og_locale":"fr_FR","og_type":"article","og_title":"Acc\u00e8s industriel aux plateformes acad\u00e9miques - M\u00e9dicament Qu\u00e9bec","og_description":"En favorisant les partenariats entre les universit\u00e9s, les coll\u00e8ges et des entreprises pharmaceutiques, M\u00e9dicament Qu\u00e9bec acc\u00e9l\u00e8re la d\u00e9couverte et la production du m\u00e9dicament et l\u2019innovation en sant\u00e9.","og_url":"https:\/\/medicamentquebec.ca\/index.php\/acces-industriel-plateformes-academiques\/","og_site_name":"M\u00e9dicament Qu\u00e9bec","article_modified_time":"2026-03-12T13:03:19+00:00","og_image":[{"width":720,"height":384,"url":"https:\/\/medicamentquebec.ca\/wp-content\/uploads\/2026\/03\/Webinaire.png","type":"image\/png"}],"twitter_card":"summary_large_image","twitter_misc":{"Dur\u00e9e de lecture estim\u00e9e":"2 minutes"},"schema":{"@context":"https:\/\/schema.org","@graph":[{"@type":"WebPage","@id":"https:\/\/medicamentquebec.ca\/index.php\/acces-industriel-plateformes-academiques\/","url":"https:\/\/medicamentquebec.ca\/index.php\/acces-industriel-plateformes-academiques\/","name":"Acc\u00e8s industriel aux plateformes acad\u00e9miques - M\u00e9dicament Qu\u00e9bec","isPartOf":{"@id":"https:\/\/medicamentquebec.ca\/#website"},"primaryImageOfPage":{"@id":"https:\/\/medicamentquebec.ca\/index.php\/acces-industriel-plateformes-academiques\/#primaryimage"},"image":{"@id":"https:\/\/medicamentquebec.ca\/index.php\/acces-industriel-plateformes-academiques\/#primaryimage"},"thumbnailUrl":"https:\/\/medicamentquebec.ca\/wp-content\/uploads\/2026\/03\/Webinaire-300x160.png","datePublished":"2024-10-24T15:39:20+00:00","dateModified":"2026-03-12T13:03:19+00:00","description":"En favorisant les partenariats entre les universit\u00e9s, les coll\u00e8ges et des entreprises pharmaceutiques, M\u00e9dicament Qu\u00e9bec acc\u00e9l\u00e8re la d\u00e9couverte et la production du m\u00e9dicament et l\u2019innovation en sant\u00e9.","breadcrumb":{"@id":"https:\/\/medicamentquebec.ca\/index.php\/acces-industriel-plateformes-academiques\/#breadcrumb"},"inLanguage":"fr-FR","potentialAction":[{"@type":"ReadAction","target":["https:\/\/medicamentquebec.ca\/index.php\/acces-industriel-plateformes-academiques\/"]}]},{"@type":"ImageObject","inLanguage":"fr-FR","@id":"https:\/\/medicamentquebec.ca\/index.php\/acces-industriel-plateformes-academiques\/#primaryimage","url":"https:\/\/medicamentquebec.ca\/wp-content\/uploads\/2026\/03\/Webinaire.png","contentUrl":"https:\/\/medicamentquebec.ca\/wp-content\/uploads\/2026\/03\/Webinaire.png","width":720,"height":384},{"@type":"BreadcrumbList","@id":"https:\/\/medicamentquebec.ca\/index.php\/acces-industriel-plateformes-academiques\/#breadcrumb","itemListElement":[{"@type":"ListItem","position":1,"name":"Accueil","item":"https:\/\/medicamentquebec.ca\/"},{"@type":"ListItem","position":2,"name":"Acc\u00e8s industriel aux plateformes acad\u00e9miques"}]},{"@type":"WebSite","@id":"https:\/\/medicamentquebec.ca\/#website","url":"https:\/\/medicamentquebec.ca\/","name":"M\u00e9dicament Qu\u00e9bec","description":"","publisher":{"@id":"https:\/\/medicamentquebec.ca\/#organization"},"potentialAction":[{"@type":"SearchAction","target":{"@type":"EntryPoint","urlTemplate":"https:\/\/medicamentquebec.ca\/?s={search_term_string}"},"query-input":{"@type":"PropertyValueSpecification","valueRequired":true,"valueName":"search_term_string"}}],"inLanguage":"fr-FR"},{"@type":"Organization","@id":"https:\/\/medicamentquebec.ca\/#organization","name":"M\u00e9dicament Qu\u00e9bec","url":"https:\/\/medicamentquebec.ca\/","logo":{"@type":"ImageObject","inLanguage":"fr-FR","@id":"https:\/\/medicamentquebec.ca\/#\/schema\/logo\/image\/","url":"https:\/\/medicamentquebec.ca\/wp-content\/uploads\/2021\/06\/logo-alt_mq.png","contentUrl":"https:\/\/medicamentquebec.ca\/wp-content\/uploads\/2021\/06\/logo-alt_mq.png","width":494,"height":266,"caption":"M\u00e9dicament Qu\u00e9bec"},"image":{"@id":"https:\/\/medicamentquebec.ca\/#\/schema\/logo\/image\/"}}]}},"_links":{"self":[{"href":"https:\/\/medicamentquebec.ca\/index.php\/wp-json\/wp\/v2\/pages\/1845","targetHints":{"allow":["GET"]}}],"collection":[{"href":"https:\/\/medicamentquebec.ca\/index.php\/wp-json\/wp\/v2\/pages"}],"about":[{"href":"https:\/\/medicamentquebec.ca\/index.php\/wp-json\/wp\/v2\/types\/page"}],"author":[{"embeddable":true,"href":"https:\/\/medicamentquebec.ca\/index.php\/wp-json\/wp\/v2\/users\/5"}],"replies":[{"embeddable":true,"href":"https:\/\/medicamentquebec.ca\/index.php\/wp-json\/wp\/v2\/comments?post=1845"}],"version-history":[{"count":68,"href":"https:\/\/medicamentquebec.ca\/index.php\/wp-json\/wp\/v2\/pages\/1845\/revisions"}],"predecessor-version":[{"id":3494,"href":"https:\/\/medicamentquebec.ca\/index.php\/wp-json\/wp\/v2\/pages\/1845\/revisions\/3494"}],"wp:attachment":[{"href":"https:\/\/medicamentquebec.ca\/index.php\/wp-json\/wp\/v2\/media?parent=1845"}],"curies":[{"name":"wp","href":"https:\/\/api.w.org\/{rel}","templated":true}]}}