{"id":2,"date":"2021-05-27T10:17:13","date_gmt":"2021-05-27T10:17:13","guid":{"rendered":"http:\/\/medicamentquebec.ca\/?page_id=2"},"modified":"2022-02-25T09:31:18","modified_gmt":"2022-02-25T14:31:18","slug":"a-propos","status":"publish","type":"page","link":"https:\/\/medicamentquebec.ca\/index.php\/homepage\/a-propos\/","title":{"rendered":"\u00c0 propos"},"content":{"rendered":"<p>[vc_row bg_type=&#8221;bg_color&#8221;][vc_column]<div class=\"dt-title-wrapper\"><h1 class=\"section-title\">Mission, mandat et objectifs<\/h1><\/div>[vc_row_inner][vc_column_inner][vc_column_text]<\/p>\n<h2>Mission<\/h2>\n<div>\n<p>En soutenant des activit\u00e9s collaboratives et structurantes impliquant des partenaires acad\u00e9miques et industriels, M\u00e9dicament Qu\u00e9bec vise \u00e0 positionner la fili\u00e8re du m\u00e9dicament pour accro\u00eetre l\u2019autonomie du Qu\u00e9bec en mati\u00e8re de d\u00e9couverte, de d\u00e9veloppement et de production d&#8217;ingr\u00e9dients actifs entrant dans la composition des m\u00e9dicaments connus ou novateurs afin de g\u00e9n\u00e9rer des impacts positifs sur l\u2019approvisionnement local et la fili\u00e8re du m\u00e9dicament.<\/p><\/div>\n<p>[\/vc_column_text][vc_column_text]<\/p>\n<div>\n<h2>Mandat<\/h2>\n<\/div>\n<div>\n<ol>\n<li>Initier les travaux relatifs aux trois plateformes (piliers) en soutenant des activit\u00e9s sp\u00e9cifiques qui incluront la participation et l\u2019enrichissement des partenaires acad\u00e9miques et industriel<\/li>\n<li>Voir \u00e0 la mise en \u0153uvre d\u2019autres plateformes collaboratives (entre les milieux acad\u00e9mique et industriel) et structurantes en soutien \u00e0 une relance de la fili\u00e8re du m\u00e9dicament permettant de:\n<ul>\n<li>Accro\u00eetre la s\u00e9curit\u00e9 d\u2019approvisionnement<\/li>\n<li>Renforcer la cha\u00eene de d\u00e9couverte et production du m\u00e9dicament<\/li>\n<\/ul>\n<\/li>\n<\/ol>\n<\/div>\n<p>[\/vc_column_text][vc_column_text]<\/p>\n<div>\n<h2>Objectifs<\/h2>\n<\/div>\n<div>\n<ol>\n<li>Mettre \u00e0 profit l\u2019expertise universitaire et coll\u00e9giale et son parc d\u2019infrastructures rattach\u00e9 \u00e0 la fili\u00e8re du m\u00e9dicament de mani\u00e8re \u00e0 en accro\u00eetre les impacts par synergie et partage.<\/li>\n<li>Soutenir la mise en place d\u2019un volet de synth\u00e8se et de production d\u2019ingr\u00e9dients actifs entrant dans la composition des m\u00e9dicaments g\u00e9n\u00e9riques.<\/li>\n<li>Accro\u00eetre le potentiel de d\u00e9couverte et de d\u00e9veloppement de m\u00e9dicaments novateur et de leur production pour essais cliniques.<\/li>\n<li>Int\u00e9grer les approches d\u2019intelligence num\u00e9rique au processus de d\u00e9couverte, de d\u00e9veloppement et d\u2019approvisionnement.<\/li>\n<li>Favoriser les partenariats avec les entreprises pharmaceutiques innovantes, g\u00e9n\u00e9riques, biotechnologiques et de fabrication.<\/li>\n<li>Assurer un volet de formation, y inclus en entreprise, afin de favoriser la d\u00e9couverte et l\u2019innovation.<\/li>\n<\/ol>\n<h2>Plan annuel<\/h2>\n<p><a href=\"https:\/\/medicamentquebec.ca\/wp-content\/uploads\/2022\/02\/MQ-PLAN-ANNUEL-ACTIVITE\u0301S-2021-2022-vf-2.pdf\">Plan annuel des activit\u00e9 de M\u00e9dicament Qu\u00e9bec 2021-2022<\/a><\/p>\n<\/div>\n<p>[\/vc_column_text][\/vc_column_inner][\/vc_row_inner][\/vc_column][\/vc_row][vc_row][vc_column][vc_column_text][\/vc_column_text][\/vc_column][\/vc_row]<\/p>\n","protected":false},"excerpt":{"rendered":"<p>[vc_row bg_type=&#8221;bg_color&#8221;][vc_column][vc_row_inner][vc_column_inner][vc_column_text] Mission En soutenant des activit\u00e9s collaboratives et structurantes impliquant des partenaires acad\u00e9miques et industriels, M\u00e9dicament Qu\u00e9bec vise \u00e0 positionner la fili\u00e8re du m\u00e9dicament&#8230;<\/p>\n<p class=\"readmore\"><a class=\"more-btn\" href=\"https:\/\/medicamentquebec.ca\/index.php\/homepage\/a-propos\/\">Lire la suite<\/a><\/p>\n","protected":false},"author":1,"featured_media":0,"parent":82,"menu_order":0,"comment_status":"closed","ping_status":"open","template":"template-homepage.php","meta":{"footnotes":""},"class_list":["post-2","page","type-page","status-publish","hentry"],"yoast_head":"<!-- This site is optimized with the Yoast SEO plugin v27.5 - https:\/\/yoast.com\/product\/yoast-seo-wordpress\/ -->\n<title>\u00c0 propos - M\u00e9dicament Qu\u00e9bec<\/title>\n<meta name=\"description\" content=\"En favorisant les partenariats entre les universit\u00e9s, les coll\u00e8ges et des entreprises pharmaceutiques, M\u00e9dicament Qu\u00e9bec acc\u00e9l\u00e8re la d\u00e9couverte et la production du m\u00e9dicament et l\u2019innovation en sant\u00e9.\" \/>\n<meta name=\"robots\" content=\"index, follow, max-snippet:-1, max-image-preview:large, max-video-preview:-1\" \/>\n<link rel=\"canonical\" href=\"https:\/\/medicamentquebec.ca\/index.php\/homepage\/a-propos\/\" \/>\n<meta property=\"og:locale\" content=\"fr_FR\" \/>\n<meta property=\"og:type\" content=\"article\" \/>\n<meta property=\"og:title\" content=\"\u00c0 propos - M\u00e9dicament Qu\u00e9bec\" \/>\n<meta property=\"og:description\" content=\"En favorisant les partenariats entre les universit\u00e9s, les coll\u00e8ges et des entreprises pharmaceutiques, M\u00e9dicament Qu\u00e9bec acc\u00e9l\u00e8re la d\u00e9couverte et la production du m\u00e9dicament et l\u2019innovation en sant\u00e9.\" \/>\n<meta property=\"og:url\" content=\"https:\/\/medicamentquebec.ca\/index.php\/homepage\/a-propos\/\" \/>\n<meta property=\"og:site_name\" content=\"M\u00e9dicament Qu\u00e9bec\" \/>\n<meta property=\"article:modified_time\" content=\"2022-02-25T14:31:18+00:00\" \/>\n<meta name=\"twitter:card\" content=\"summary_large_image\" \/>\n<meta name=\"twitter:label1\" content=\"Dur\u00e9e de lecture estim\u00e9e\" \/>\n\t<meta name=\"twitter:data1\" content=\"2 minutes\" \/>\n<script type=\"application\/ld+json\" class=\"yoast-schema-graph\">{\"@context\":\"https:\\\/\\\/schema.org\",\"@graph\":[{\"@type\":\"WebPage\",\"@id\":\"https:\\\/\\\/medicamentquebec.ca\\\/index.php\\\/homepage\\\/a-propos\\\/\",\"url\":\"https:\\\/\\\/medicamentquebec.ca\\\/index.php\\\/homepage\\\/a-propos\\\/\",\"name\":\"\u00c0 propos - M\u00e9dicament Qu\u00e9bec\",\"isPartOf\":{\"@id\":\"https:\\\/\\\/medicamentquebec.ca\\\/#website\"},\"datePublished\":\"2021-05-27T10:17:13+00:00\",\"dateModified\":\"2022-02-25T14:31:18+00:00\",\"description\":\"En favorisant les partenariats entre les universit\u00e9s, les coll\u00e8ges et des entreprises pharmaceutiques, M\u00e9dicament Qu\u00e9bec acc\u00e9l\u00e8re la d\u00e9couverte et la production du m\u00e9dicament et l\u2019innovation en sant\u00e9.\",\"breadcrumb\":{\"@id\":\"https:\\\/\\\/medicamentquebec.ca\\\/index.php\\\/homepage\\\/a-propos\\\/#breadcrumb\"},\"inLanguage\":\"fr-FR\",\"potentialAction\":[{\"@type\":\"ReadAction\",\"target\":[\"https:\\\/\\\/medicamentquebec.ca\\\/index.php\\\/homepage\\\/a-propos\\\/\"]}]},{\"@type\":\"BreadcrumbList\",\"@id\":\"https:\\\/\\\/medicamentquebec.ca\\\/index.php\\\/homepage\\\/a-propos\\\/#breadcrumb\",\"itemListElement\":[{\"@type\":\"ListItem\",\"position\":1,\"name\":\"Accueil\",\"item\":\"https:\\\/\\\/medicamentquebec.ca\\\/\"},{\"@type\":\"ListItem\",\"position\":2,\"name\":\"Accueil\",\"item\":\"https:\\\/\\\/medicamentquebec.ca\\\/\"},{\"@type\":\"ListItem\",\"position\":3,\"name\":\"\u00c0 propos\"}]},{\"@type\":\"WebSite\",\"@id\":\"https:\\\/\\\/medicamentquebec.ca\\\/#website\",\"url\":\"https:\\\/\\\/medicamentquebec.ca\\\/\",\"name\":\"M\u00e9dicament Qu\u00e9bec\",\"description\":\"\",\"publisher\":{\"@id\":\"https:\\\/\\\/medicamentquebec.ca\\\/#organization\"},\"potentialAction\":[{\"@type\":\"SearchAction\",\"target\":{\"@type\":\"EntryPoint\",\"urlTemplate\":\"https:\\\/\\\/medicamentquebec.ca\\\/?s={search_term_string}\"},\"query-input\":{\"@type\":\"PropertyValueSpecification\",\"valueRequired\":true,\"valueName\":\"search_term_string\"}}],\"inLanguage\":\"fr-FR\"},{\"@type\":\"Organization\",\"@id\":\"https:\\\/\\\/medicamentquebec.ca\\\/#organization\",\"name\":\"M\u00e9dicament Qu\u00e9bec\",\"url\":\"https:\\\/\\\/medicamentquebec.ca\\\/\",\"logo\":{\"@type\":\"ImageObject\",\"inLanguage\":\"fr-FR\",\"@id\":\"https:\\\/\\\/medicamentquebec.ca\\\/#\\\/schema\\\/logo\\\/image\\\/\",\"url\":\"https:\\\/\\\/medicamentquebec.ca\\\/wp-content\\\/uploads\\\/2021\\\/06\\\/logo-alt_mq.png\",\"contentUrl\":\"https:\\\/\\\/medicamentquebec.ca\\\/wp-content\\\/uploads\\\/2021\\\/06\\\/logo-alt_mq.png\",\"width\":494,\"height\":266,\"caption\":\"M\u00e9dicament Qu\u00e9bec\"},\"image\":{\"@id\":\"https:\\\/\\\/medicamentquebec.ca\\\/#\\\/schema\\\/logo\\\/image\\\/\"}}]}<\/script>\n<!-- \/ Yoast SEO plugin. -->","yoast_head_json":{"title":"\u00c0 propos - M\u00e9dicament Qu\u00e9bec","description":"En favorisant les partenariats entre les universit\u00e9s, les coll\u00e8ges et des entreprises pharmaceutiques, M\u00e9dicament Qu\u00e9bec acc\u00e9l\u00e8re la d\u00e9couverte et la production du m\u00e9dicament et l\u2019innovation en sant\u00e9.","robots":{"index":"index","follow":"follow","max-snippet":"max-snippet:-1","max-image-preview":"max-image-preview:large","max-video-preview":"max-video-preview:-1"},"canonical":"https:\/\/medicamentquebec.ca\/index.php\/homepage\/a-propos\/","og_locale":"fr_FR","og_type":"article","og_title":"\u00c0 propos - M\u00e9dicament Qu\u00e9bec","og_description":"En favorisant les partenariats entre les universit\u00e9s, les coll\u00e8ges et des entreprises pharmaceutiques, M\u00e9dicament Qu\u00e9bec acc\u00e9l\u00e8re la d\u00e9couverte et la production du m\u00e9dicament et l\u2019innovation en sant\u00e9.","og_url":"https:\/\/medicamentquebec.ca\/index.php\/homepage\/a-propos\/","og_site_name":"M\u00e9dicament Qu\u00e9bec","article_modified_time":"2022-02-25T14:31:18+00:00","twitter_card":"summary_large_image","twitter_misc":{"Dur\u00e9e de lecture estim\u00e9e":"2 minutes"},"schema":{"@context":"https:\/\/schema.org","@graph":[{"@type":"WebPage","@id":"https:\/\/medicamentquebec.ca\/index.php\/homepage\/a-propos\/","url":"https:\/\/medicamentquebec.ca\/index.php\/homepage\/a-propos\/","name":"\u00c0 propos - M\u00e9dicament Qu\u00e9bec","isPartOf":{"@id":"https:\/\/medicamentquebec.ca\/#website"},"datePublished":"2021-05-27T10:17:13+00:00","dateModified":"2022-02-25T14:31:18+00:00","description":"En favorisant les partenariats entre les universit\u00e9s, les coll\u00e8ges et des entreprises pharmaceutiques, M\u00e9dicament Qu\u00e9bec acc\u00e9l\u00e8re la d\u00e9couverte et la production du m\u00e9dicament et l\u2019innovation en sant\u00e9.","breadcrumb":{"@id":"https:\/\/medicamentquebec.ca\/index.php\/homepage\/a-propos\/#breadcrumb"},"inLanguage":"fr-FR","potentialAction":[{"@type":"ReadAction","target":["https:\/\/medicamentquebec.ca\/index.php\/homepage\/a-propos\/"]}]},{"@type":"BreadcrumbList","@id":"https:\/\/medicamentquebec.ca\/index.php\/homepage\/a-propos\/#breadcrumb","itemListElement":[{"@type":"ListItem","position":1,"name":"Accueil","item":"https:\/\/medicamentquebec.ca\/"},{"@type":"ListItem","position":2,"name":"Accueil","item":"https:\/\/medicamentquebec.ca\/"},{"@type":"ListItem","position":3,"name":"\u00c0 propos"}]},{"@type":"WebSite","@id":"https:\/\/medicamentquebec.ca\/#website","url":"https:\/\/medicamentquebec.ca\/","name":"M\u00e9dicament Qu\u00e9bec","description":"","publisher":{"@id":"https:\/\/medicamentquebec.ca\/#organization"},"potentialAction":[{"@type":"SearchAction","target":{"@type":"EntryPoint","urlTemplate":"https:\/\/medicamentquebec.ca\/?s={search_term_string}"},"query-input":{"@type":"PropertyValueSpecification","valueRequired":true,"valueName":"search_term_string"}}],"inLanguage":"fr-FR"},{"@type":"Organization","@id":"https:\/\/medicamentquebec.ca\/#organization","name":"M\u00e9dicament Qu\u00e9bec","url":"https:\/\/medicamentquebec.ca\/","logo":{"@type":"ImageObject","inLanguage":"fr-FR","@id":"https:\/\/medicamentquebec.ca\/#\/schema\/logo\/image\/","url":"https:\/\/medicamentquebec.ca\/wp-content\/uploads\/2021\/06\/logo-alt_mq.png","contentUrl":"https:\/\/medicamentquebec.ca\/wp-content\/uploads\/2021\/06\/logo-alt_mq.png","width":494,"height":266,"caption":"M\u00e9dicament Qu\u00e9bec"},"image":{"@id":"https:\/\/medicamentquebec.ca\/#\/schema\/logo\/image\/"}}]}},"_links":{"self":[{"href":"https:\/\/medicamentquebec.ca\/index.php\/wp-json\/wp\/v2\/pages\/2","targetHints":{"allow":["GET"]}}],"collection":[{"href":"https:\/\/medicamentquebec.ca\/index.php\/wp-json\/wp\/v2\/pages"}],"about":[{"href":"https:\/\/medicamentquebec.ca\/index.php\/wp-json\/wp\/v2\/types\/page"}],"author":[{"embeddable":true,"href":"https:\/\/medicamentquebec.ca\/index.php\/wp-json\/wp\/v2\/users\/1"}],"replies":[{"embeddable":true,"href":"https:\/\/medicamentquebec.ca\/index.php\/wp-json\/wp\/v2\/comments?post=2"}],"version-history":[{"count":13,"href":"https:\/\/medicamentquebec.ca\/index.php\/wp-json\/wp\/v2\/pages\/2\/revisions"}],"predecessor-version":[{"id":1005,"href":"https:\/\/medicamentquebec.ca\/index.php\/wp-json\/wp\/v2\/pages\/2\/revisions\/1005"}],"up":[{"embeddable":true,"href":"https:\/\/medicamentquebec.ca\/index.php\/wp-json\/wp\/v2\/pages\/82"}],"wp:attachment":[{"href":"https:\/\/medicamentquebec.ca\/index.php\/wp-json\/wp\/v2\/media?parent=2"}],"curies":[{"name":"wp","href":"https:\/\/api.w.org\/{rel}","templated":true}]}}