{"id":332,"date":"2021-06-02T16:18:30","date_gmt":"2021-06-02T20:18:30","guid":{"rendered":"http:\/\/medicamentquebec.ca\/?page_id=332"},"modified":"2026-03-19T09:12:12","modified_gmt":"2026-03-19T13:12:12","slug":"equipe-de-direction","status":"publish","type":"page","link":"https:\/\/medicamentquebec.ca\/index.php\/homepage\/equipe-de-direction\/","title":{"rendered":"\u00c9quipe de direction"},"content":{"rendered":"<p>[vc_row][vc_column][vc_row_inner][vc_column_inner]<div class=\"dt-title-wrapper\"><h1 class=\"section-title\">\u00c9quipe de direction<\/h1><\/div>[vc_column_text]<\/p>\n<div>\n<p style=\"text-align: left;\"><strong>Arianne Trudeau, MBA, ASC<\/strong><\/p>\n<\/div>\n<div style=\"text-align: left;\">\n<p>Directrice de projet<\/p>\n<\/div>\n<div style=\"text-align: left;\">\n<p>M\u00e9dicament Qu\u00e9bec<\/p>\n<\/div>\n<div style=\"text-align: left;\">\n<p>Vice-rectorat \u00e0 la recherche, \u00e0 la d\u00e9couverte, \u00e0 la cr\u00e9ation et \u00e0 l&#8217;innovation<\/p>\n<\/div>\n<div style=\"text-align: left;\">\n<p>Universit\u00e9 de Montr\u00e9al<\/p>\n<\/div>\n<div style=\"text-align: left;\">\n<p><a href=\"mailto:arianne.trudeau@umontreal.ca\">arianne.trudeau@umontreal.ca<\/a><\/p>\n<p>____________________________________________<\/p>\n<p><strong>Mathieu Perr\u00e9e<\/strong><\/p>\n<\/div>\n<div style=\"text-align: left;\">\n<p>Directeur des op\u00e9rations<\/p>\n<\/div>\n<div style=\"text-align: left;\">\n<p>M\u00e9dicament Qu\u00e9bec<\/p>\n<\/div>\n<div style=\"text-align: left;\">\n<div style=\"text-align: left;\">\n<p>Bureau Recherche &#8211; D\u00e9veloppement &#8211; Valorisation<\/p>\n<\/div>\n<div style=\"text-align: left;\">\n<p>Universit\u00e9 de Montr\u00e9a<\/p>\n<\/div>\n<\/div>\n<div>\n<p style=\"text-align: left;\"><a href=\"mailto:mathieu.perree@umontreal.ca\">mathieu.perree@umontreal.ca<\/a><\/p>\n<div>\n<p>__________________________________________<\/p>\n<p style=\"text-align: left;\"><strong>Sandra Constantin, Ph.D.<\/strong><\/p>\n<div style=\"text-align: left;\">\n<p><span data-olk-copy-source=\"MessageBody\">Coordonnatrice innovation et partenariats<\/span><\/p>\n<p>M\u00e9dicament Qu\u00e9bec<\/p>\n<\/div>\n<div style=\"text-align: left;\">\n<p>Bureau Recherche &#8211; D\u00e9veloppement &#8211; Valorisation<\/p>\n<\/div>\n<div style=\"text-align: left;\">\n<p>Universit\u00e9 de Montr\u00e9al<\/p>\n<\/div>\n<div style=\"text-align: left;\">\n<p><a href=\"mailto:sandra.constantin@umontreal.ca\" target=\"_blank\" rel=\"noopener\"><span class=\"il\">sandra.constantin@umontreal.ca<\/span><\/a><\/p>\n<p>____________________________________________<\/p>\n<\/div>\n<p style=\"text-align: left;\"><strong>Maurice Boissinot, Ph.D.<\/strong><\/p>\n<div>\n<p style=\"text-align: left;\"><span data-olk-copy-source=\"MessageBody\">Coordonnateur innovation et partenariats<\/span><\/p>\n<p style=\"text-align: left;\">M\u00e9dicament Qu\u00e9bec<\/p>\n<p style=\"text-align: left;\">Vice rectorat \u00e0 la recherche, \u00e0 la cr\u00e9ation et \u00e0 l&#8217;innovation<\/p>\n<p style=\"text-align: left;\">Universit\u00e9 Laval<\/p>\n<p style=\"text-align: left;\"><a href=\"mailto:maurice.boissinot@fmed.ulaval.ca\" data-linkindex=\"0\">maurice.boissinot@fmed.ulaval.ca<\/a><\/p>\n<p>____________________________________________<\/p>\n<div>\n<p style=\"text-align: left;\"><strong>Audrey-Ann\u00a0Dumont, PhD<\/strong><\/p>\n<p style=\"text-align: left;\">Coordonnatrice <span data-olk-copy-source=\"MessageBody\">innovation et partenariats<\/span><\/p>\n<p style=\"text-align: left;\">M\u00e9dicament Qu\u00e9bec<\/p>\n<p style=\"text-align: left;\">Bureau de la valorisation et des partenariats<\/p>\n<p style=\"text-align: left;\">Facult\u00e9 de m\u00e9decine et des sciences de la sant\u00e9<\/p>\n<p style=\"text-align: left;\">Universit\u00e9 de Sherbrooke<\/p>\n<p style=\"text-align: left;\"><a href=\"mailto:audrey-ann.dumont@usherbrooke.ca\">audrey-ann.dumont@usherbrooke.ca\u00a0<\/a><\/p>\n<p>____________________________________________<\/p>\n<div>\n<p style=\"text-align: left;\"><strong>Margarita, Todorova, PhD<\/strong><\/p>\n<p style=\"text-align: left;\">Coordonnatrice <span data-olk-copy-source=\"MessageBody\">innovation et partenariats<\/span><\/p>\n<p style=\"text-align: left;\">M\u00e9dicament Qu\u00e9bec<\/p>\n<p style=\"text-align: left;\">Bureau de la recherche et l&#8217;innovation<\/p>\n<p style=\"text-align: left;\">Universit\u00e9 McGill<\/p>\n<p><a href=\"mailto:margarita.todorova@mcgill.ca\" target=\"_blank\" rel=\"noopener\"><span class=\"il\">margarita.todorova@mcgill.ca<\/span><\/a><\/p>\n<p>____________________________________________<\/p>\n<\/div>\n<\/div>\n<\/div>\n<\/div>\n<\/div>\n<p>[\/vc_column_text][\/vc_column_inner][\/vc_row_inner][\/vc_column][\/vc_row]<\/p>\n","protected":false},"excerpt":{"rendered":"<p>[vc_row][vc_column][vc_row_inner][vc_column_inner][vc_column_text] Arianne Trudeau, MBA, ASC Directrice de projet M\u00e9dicament Qu\u00e9bec Vice-rectorat \u00e0 la recherche, \u00e0 la d\u00e9couverte, \u00e0 la cr\u00e9ation et \u00e0 l&#8217;innovation Universit\u00e9 de&#8230;<\/p>\n<p class=\"readmore\"><a class=\"more-btn\" href=\"https:\/\/medicamentquebec.ca\/index.php\/homepage\/equipe-de-direction\/\">Lire la suite<\/a><\/p>\n","protected":false},"author":1,"featured_media":0,"parent":82,"menu_order":0,"comment_status":"closed","ping_status":"closed","template":"template-homepage.php","meta":{"footnotes":""},"class_list":["post-332","page","type-page","status-publish","hentry"],"yoast_head":"<!-- This site is optimized with the Yoast SEO plugin v27.3 - https:\/\/yoast.com\/product\/yoast-seo-wordpress\/ -->\n<title>\u00c9quipe de direction - M\u00e9dicament Qu\u00e9bec<\/title>\n<meta name=\"description\" content=\"En favorisant les partenariats entre les universit\u00e9s, les coll\u00e8ges et des entreprises pharmaceutiques, M\u00e9dicament Qu\u00e9bec acc\u00e9l\u00e8re la d\u00e9couverte et la production du m\u00e9dicament et l\u2019innovation en sant\u00e9.\" \/>\n<meta name=\"robots\" content=\"index, follow, max-snippet:-1, max-image-preview:large, max-video-preview:-1\" \/>\n<link rel=\"canonical\" href=\"https:\/\/medicamentquebec.ca\/index.php\/homepage\/equipe-de-direction\/\" \/>\n<meta property=\"og:locale\" content=\"fr_FR\" \/>\n<meta property=\"og:type\" content=\"article\" \/>\n<meta property=\"og:title\" content=\"\u00c9quipe de direction - M\u00e9dicament Qu\u00e9bec\" \/>\n<meta property=\"og:description\" content=\"En favorisant les partenariats entre les universit\u00e9s, les coll\u00e8ges et des entreprises pharmaceutiques, M\u00e9dicament Qu\u00e9bec acc\u00e9l\u00e8re la d\u00e9couverte et la production du m\u00e9dicament et l\u2019innovation en sant\u00e9.\" \/>\n<meta property=\"og:url\" content=\"https:\/\/medicamentquebec.ca\/index.php\/homepage\/equipe-de-direction\/\" \/>\n<meta property=\"og:site_name\" content=\"M\u00e9dicament Qu\u00e9bec\" \/>\n<meta property=\"article:modified_time\" content=\"2026-03-19T13:12:12+00:00\" \/>\n<meta name=\"twitter:card\" content=\"summary_large_image\" \/>\n<meta name=\"twitter:label1\" content=\"Dur\u00e9e de lecture estim\u00e9e\" \/>\n\t<meta name=\"twitter:data1\" content=\"1 minute\" \/>\n<script type=\"application\/ld+json\" class=\"yoast-schema-graph\">{\"@context\":\"https:\\\/\\\/schema.org\",\"@graph\":[{\"@type\":\"WebPage\",\"@id\":\"https:\\\/\\\/medicamentquebec.ca\\\/index.php\\\/homepage\\\/equipe-de-direction\\\/\",\"url\":\"https:\\\/\\\/medicamentquebec.ca\\\/index.php\\\/homepage\\\/equipe-de-direction\\\/\",\"name\":\"\u00c9quipe de direction - M\u00e9dicament Qu\u00e9bec\",\"isPartOf\":{\"@id\":\"https:\\\/\\\/medicamentquebec.ca\\\/#website\"},\"datePublished\":\"2021-06-02T20:18:30+00:00\",\"dateModified\":\"2026-03-19T13:12:12+00:00\",\"description\":\"En favorisant les partenariats entre les universit\u00e9s, les coll\u00e8ges et des entreprises pharmaceutiques, M\u00e9dicament Qu\u00e9bec acc\u00e9l\u00e8re la d\u00e9couverte et la production du m\u00e9dicament et l\u2019innovation en sant\u00e9.\",\"breadcrumb\":{\"@id\":\"https:\\\/\\\/medicamentquebec.ca\\\/index.php\\\/homepage\\\/equipe-de-direction\\\/#breadcrumb\"},\"inLanguage\":\"fr-FR\",\"potentialAction\":[{\"@type\":\"ReadAction\",\"target\":[\"https:\\\/\\\/medicamentquebec.ca\\\/index.php\\\/homepage\\\/equipe-de-direction\\\/\"]}]},{\"@type\":\"BreadcrumbList\",\"@id\":\"https:\\\/\\\/medicamentquebec.ca\\\/index.php\\\/homepage\\\/equipe-de-direction\\\/#breadcrumb\",\"itemListElement\":[{\"@type\":\"ListItem\",\"position\":1,\"name\":\"Accueil\",\"item\":\"https:\\\/\\\/medicamentquebec.ca\\\/\"},{\"@type\":\"ListItem\",\"position\":2,\"name\":\"Accueil\",\"item\":\"https:\\\/\\\/medicamentquebec.ca\\\/\"},{\"@type\":\"ListItem\",\"position\":3,\"name\":\"\u00c9quipe de direction\"}]},{\"@type\":\"WebSite\",\"@id\":\"https:\\\/\\\/medicamentquebec.ca\\\/#website\",\"url\":\"https:\\\/\\\/medicamentquebec.ca\\\/\",\"name\":\"M\u00e9dicament Qu\u00e9bec\",\"description\":\"\",\"publisher\":{\"@id\":\"https:\\\/\\\/medicamentquebec.ca\\\/#organization\"},\"potentialAction\":[{\"@type\":\"SearchAction\",\"target\":{\"@type\":\"EntryPoint\",\"urlTemplate\":\"https:\\\/\\\/medicamentquebec.ca\\\/?s={search_term_string}\"},\"query-input\":{\"@type\":\"PropertyValueSpecification\",\"valueRequired\":true,\"valueName\":\"search_term_string\"}}],\"inLanguage\":\"fr-FR\"},{\"@type\":\"Organization\",\"@id\":\"https:\\\/\\\/medicamentquebec.ca\\\/#organization\",\"name\":\"M\u00e9dicament Qu\u00e9bec\",\"url\":\"https:\\\/\\\/medicamentquebec.ca\\\/\",\"logo\":{\"@type\":\"ImageObject\",\"inLanguage\":\"fr-FR\",\"@id\":\"https:\\\/\\\/medicamentquebec.ca\\\/#\\\/schema\\\/logo\\\/image\\\/\",\"url\":\"https:\\\/\\\/medicamentquebec.ca\\\/wp-content\\\/uploads\\\/2021\\\/06\\\/logo-alt_mq.png\",\"contentUrl\":\"https:\\\/\\\/medicamentquebec.ca\\\/wp-content\\\/uploads\\\/2021\\\/06\\\/logo-alt_mq.png\",\"width\":494,\"height\":266,\"caption\":\"M\u00e9dicament Qu\u00e9bec\"},\"image\":{\"@id\":\"https:\\\/\\\/medicamentquebec.ca\\\/#\\\/schema\\\/logo\\\/image\\\/\"}}]}<\/script>\n<!-- \/ Yoast SEO plugin. -->","yoast_head_json":{"title":"\u00c9quipe de direction - M\u00e9dicament Qu\u00e9bec","description":"En favorisant les partenariats entre les universit\u00e9s, les coll\u00e8ges et des entreprises pharmaceutiques, M\u00e9dicament Qu\u00e9bec acc\u00e9l\u00e8re la d\u00e9couverte et la production du m\u00e9dicament et l\u2019innovation en sant\u00e9.","robots":{"index":"index","follow":"follow","max-snippet":"max-snippet:-1","max-image-preview":"max-image-preview:large","max-video-preview":"max-video-preview:-1"},"canonical":"https:\/\/medicamentquebec.ca\/index.php\/homepage\/equipe-de-direction\/","og_locale":"fr_FR","og_type":"article","og_title":"\u00c9quipe de direction - M\u00e9dicament Qu\u00e9bec","og_description":"En favorisant les partenariats entre les universit\u00e9s, les coll\u00e8ges et des entreprises pharmaceutiques, M\u00e9dicament Qu\u00e9bec acc\u00e9l\u00e8re la d\u00e9couverte et la production du m\u00e9dicament et l\u2019innovation en sant\u00e9.","og_url":"https:\/\/medicamentquebec.ca\/index.php\/homepage\/equipe-de-direction\/","og_site_name":"M\u00e9dicament Qu\u00e9bec","article_modified_time":"2026-03-19T13:12:12+00:00","twitter_card":"summary_large_image","twitter_misc":{"Dur\u00e9e de lecture estim\u00e9e":"1 minute"},"schema":{"@context":"https:\/\/schema.org","@graph":[{"@type":"WebPage","@id":"https:\/\/medicamentquebec.ca\/index.php\/homepage\/equipe-de-direction\/","url":"https:\/\/medicamentquebec.ca\/index.php\/homepage\/equipe-de-direction\/","name":"\u00c9quipe de direction - M\u00e9dicament Qu\u00e9bec","isPartOf":{"@id":"https:\/\/medicamentquebec.ca\/#website"},"datePublished":"2021-06-02T20:18:30+00:00","dateModified":"2026-03-19T13:12:12+00:00","description":"En favorisant les partenariats entre les universit\u00e9s, les coll\u00e8ges et des entreprises pharmaceutiques, M\u00e9dicament Qu\u00e9bec acc\u00e9l\u00e8re la d\u00e9couverte et la production du m\u00e9dicament et l\u2019innovation en sant\u00e9.","breadcrumb":{"@id":"https:\/\/medicamentquebec.ca\/index.php\/homepage\/equipe-de-direction\/#breadcrumb"},"inLanguage":"fr-FR","potentialAction":[{"@type":"ReadAction","target":["https:\/\/medicamentquebec.ca\/index.php\/homepage\/equipe-de-direction\/"]}]},{"@type":"BreadcrumbList","@id":"https:\/\/medicamentquebec.ca\/index.php\/homepage\/equipe-de-direction\/#breadcrumb","itemListElement":[{"@type":"ListItem","position":1,"name":"Accueil","item":"https:\/\/medicamentquebec.ca\/"},{"@type":"ListItem","position":2,"name":"Accueil","item":"https:\/\/medicamentquebec.ca\/"},{"@type":"ListItem","position":3,"name":"\u00c9quipe de direction"}]},{"@type":"WebSite","@id":"https:\/\/medicamentquebec.ca\/#website","url":"https:\/\/medicamentquebec.ca\/","name":"M\u00e9dicament Qu\u00e9bec","description":"","publisher":{"@id":"https:\/\/medicamentquebec.ca\/#organization"},"potentialAction":[{"@type":"SearchAction","target":{"@type":"EntryPoint","urlTemplate":"https:\/\/medicamentquebec.ca\/?s={search_term_string}"},"query-input":{"@type":"PropertyValueSpecification","valueRequired":true,"valueName":"search_term_string"}}],"inLanguage":"fr-FR"},{"@type":"Organization","@id":"https:\/\/medicamentquebec.ca\/#organization","name":"M\u00e9dicament Qu\u00e9bec","url":"https:\/\/medicamentquebec.ca\/","logo":{"@type":"ImageObject","inLanguage":"fr-FR","@id":"https:\/\/medicamentquebec.ca\/#\/schema\/logo\/image\/","url":"https:\/\/medicamentquebec.ca\/wp-content\/uploads\/2021\/06\/logo-alt_mq.png","contentUrl":"https:\/\/medicamentquebec.ca\/wp-content\/uploads\/2021\/06\/logo-alt_mq.png","width":494,"height":266,"caption":"M\u00e9dicament Qu\u00e9bec"},"image":{"@id":"https:\/\/medicamentquebec.ca\/#\/schema\/logo\/image\/"}}]}},"_links":{"self":[{"href":"https:\/\/medicamentquebec.ca\/index.php\/wp-json\/wp\/v2\/pages\/332","targetHints":{"allow":["GET"]}}],"collection":[{"href":"https:\/\/medicamentquebec.ca\/index.php\/wp-json\/wp\/v2\/pages"}],"about":[{"href":"https:\/\/medicamentquebec.ca\/index.php\/wp-json\/wp\/v2\/types\/page"}],"author":[{"embeddable":true,"href":"https:\/\/medicamentquebec.ca\/index.php\/wp-json\/wp\/v2\/users\/1"}],"replies":[{"embeddable":true,"href":"https:\/\/medicamentquebec.ca\/index.php\/wp-json\/wp\/v2\/comments?post=332"}],"version-history":[{"count":21,"href":"https:\/\/medicamentquebec.ca\/index.php\/wp-json\/wp\/v2\/pages\/332\/revisions"}],"predecessor-version":[{"id":3523,"href":"https:\/\/medicamentquebec.ca\/index.php\/wp-json\/wp\/v2\/pages\/332\/revisions\/3523"}],"up":[{"embeddable":true,"href":"https:\/\/medicamentquebec.ca\/index.php\/wp-json\/wp\/v2\/pages\/82"}],"wp:attachment":[{"href":"https:\/\/medicamentquebec.ca\/index.php\/wp-json\/wp\/v2\/media?parent=332"}],"curies":[{"name":"wp","href":"https:\/\/api.w.org\/{rel}","templated":true}]}}