{"id":3607,"date":"2026-04-22T11:54:35","date_gmt":"2026-04-22T15:54:35","guid":{"rendered":"https:\/\/medicamentquebec.ca\/?page_id=3607"},"modified":"2026-04-22T12:01:05","modified_gmt":"2026-04-22T16:01:05","slug":"publications","status":"publish","type":"page","link":"https:\/\/medicamentquebec.ca\/index.php\/homepage\/publications\/","title":{"rendered":"Publications"},"content":{"rendered":"<p>[vc_row bg_type=&#8221;bg_color&#8221;][vc_column]<div class=\"dt-title-wrapper\"><h1 class=\"section-title\">Publications<\/h1><\/div>[vc_row_inner][vc_column_inner][vc_column_text]<\/p>\n<p>Consultez les publications de M\u00e9dicament Qu\u00e9bec, incluant rapports et ressources soutenant le d\u00e9veloppement de l\u2019\u00e9cosyst\u00e8me du m\u00e9dicament au Qu\u00e9bec.<\/p>\n<div>\n<p><a href=\"https:\/\/medicamentquebec.ca\/wp-content\/uploads\/2026\/01\/Rapport-Annuel_Medicament-Quebec_Final-3.pdf\">Rapport d&#8217;impact 2025<\/a><\/p>\n<\/div>\n<p>[\/vc_column_text][\/vc_column_inner][\/vc_row_inner][\/vc_column][\/vc_row][vc_row][vc_column][vc_column_text][\/vc_column_text][\/vc_column][\/vc_row]<\/p>\n<p>&nbsp;<\/p>\n","protected":false},"excerpt":{"rendered":"<p>[vc_row bg_type=&#8221;bg_color&#8221;][vc_column][vc_row_inner][vc_column_inner][vc_column_text] Consultez les publications de M\u00e9dicament Qu\u00e9bec, incluant rapports et ressources soutenant le d\u00e9veloppement de l\u2019\u00e9cosyst\u00e8me du m\u00e9dicament au Qu\u00e9bec. Rapport d&#8217;impact 2025 [\/vc_column_text][\/vc_column_inner][\/vc_row_inner][\/vc_column][\/vc_row][vc_row][vc_column][vc_column_text][\/vc_column_text][\/vc_column][\/vc_row]&#8230;<\/p>\n<p class=\"readmore\"><a class=\"more-btn\" href=\"https:\/\/medicamentquebec.ca\/index.php\/homepage\/publications\/\">Lire la suite<\/a><\/p>\n","protected":false},"author":7,"featured_media":0,"parent":82,"menu_order":0,"comment_status":"closed","ping_status":"closed","template":"template-homepage.php","meta":{"footnotes":""},"class_list":["post-3607","page","type-page","status-publish","hentry"],"yoast_head":"<!-- This site is optimized with the Yoast SEO plugin v27.3 - https:\/\/yoast.com\/product\/yoast-seo-wordpress\/ -->\n<title>Publications - M\u00e9dicament Qu\u00e9bec<\/title>\n<meta name=\"description\" content=\"En favorisant les partenariats entre les universit\u00e9s, les coll\u00e8ges et des entreprises pharmaceutiques, M\u00e9dicament Qu\u00e9bec acc\u00e9l\u00e8re la d\u00e9couverte et la production du m\u00e9dicament et l\u2019innovation en sant\u00e9.\" \/>\n<meta name=\"robots\" content=\"index, follow, max-snippet:-1, max-image-preview:large, max-video-preview:-1\" \/>\n<link rel=\"canonical\" href=\"https:\/\/medicamentquebec.ca\/index.php\/homepage\/publications\/\" \/>\n<meta property=\"og:locale\" content=\"fr_FR\" \/>\n<meta property=\"og:type\" content=\"article\" \/>\n<meta property=\"og:title\" content=\"Publications - M\u00e9dicament Qu\u00e9bec\" \/>\n<meta property=\"og:description\" content=\"En favorisant les partenariats entre les universit\u00e9s, les coll\u00e8ges et des entreprises pharmaceutiques, M\u00e9dicament Qu\u00e9bec acc\u00e9l\u00e8re la d\u00e9couverte et la production du m\u00e9dicament et l\u2019innovation en sant\u00e9.\" \/>\n<meta property=\"og:url\" content=\"https:\/\/medicamentquebec.ca\/index.php\/homepage\/publications\/\" \/>\n<meta property=\"og:site_name\" content=\"M\u00e9dicament Qu\u00e9bec\" \/>\n<meta property=\"article:modified_time\" content=\"2026-04-22T16:01:05+00:00\" \/>\n<meta name=\"twitter:card\" content=\"summary_large_image\" \/>\n<meta name=\"twitter:label1\" content=\"Dur\u00e9e de lecture estim\u00e9e\" \/>\n\t<meta name=\"twitter:data1\" content=\"1 minute\" \/>\n<script type=\"application\/ld+json\" class=\"yoast-schema-graph\">{\"@context\":\"https:\\\/\\\/schema.org\",\"@graph\":[{\"@type\":\"WebPage\",\"@id\":\"https:\\\/\\\/medicamentquebec.ca\\\/index.php\\\/homepage\\\/publications\\\/\",\"url\":\"https:\\\/\\\/medicamentquebec.ca\\\/index.php\\\/homepage\\\/publications\\\/\",\"name\":\"Publications - M\u00e9dicament Qu\u00e9bec\",\"isPartOf\":{\"@id\":\"https:\\\/\\\/medicamentquebec.ca\\\/#website\"},\"datePublished\":\"2026-04-22T15:54:35+00:00\",\"dateModified\":\"2026-04-22T16:01:05+00:00\",\"description\":\"En favorisant les partenariats entre les universit\u00e9s, les coll\u00e8ges et des entreprises pharmaceutiques, M\u00e9dicament Qu\u00e9bec acc\u00e9l\u00e8re la d\u00e9couverte et la production du m\u00e9dicament et l\u2019innovation en sant\u00e9.\",\"breadcrumb\":{\"@id\":\"https:\\\/\\\/medicamentquebec.ca\\\/index.php\\\/homepage\\\/publications\\\/#breadcrumb\"},\"inLanguage\":\"fr-FR\",\"potentialAction\":[{\"@type\":\"ReadAction\",\"target\":[\"https:\\\/\\\/medicamentquebec.ca\\\/index.php\\\/homepage\\\/publications\\\/\"]}]},{\"@type\":\"BreadcrumbList\",\"@id\":\"https:\\\/\\\/medicamentquebec.ca\\\/index.php\\\/homepage\\\/publications\\\/#breadcrumb\",\"itemListElement\":[{\"@type\":\"ListItem\",\"position\":1,\"name\":\"Accueil\",\"item\":\"https:\\\/\\\/medicamentquebec.ca\\\/\"},{\"@type\":\"ListItem\",\"position\":2,\"name\":\"Accueil\",\"item\":\"https:\\\/\\\/medicamentquebec.ca\\\/\"},{\"@type\":\"ListItem\",\"position\":3,\"name\":\"Publications\"}]},{\"@type\":\"WebSite\",\"@id\":\"https:\\\/\\\/medicamentquebec.ca\\\/#website\",\"url\":\"https:\\\/\\\/medicamentquebec.ca\\\/\",\"name\":\"M\u00e9dicament Qu\u00e9bec\",\"description\":\"\",\"publisher\":{\"@id\":\"https:\\\/\\\/medicamentquebec.ca\\\/#organization\"},\"potentialAction\":[{\"@type\":\"SearchAction\",\"target\":{\"@type\":\"EntryPoint\",\"urlTemplate\":\"https:\\\/\\\/medicamentquebec.ca\\\/?s={search_term_string}\"},\"query-input\":{\"@type\":\"PropertyValueSpecification\",\"valueRequired\":true,\"valueName\":\"search_term_string\"}}],\"inLanguage\":\"fr-FR\"},{\"@type\":\"Organization\",\"@id\":\"https:\\\/\\\/medicamentquebec.ca\\\/#organization\",\"name\":\"M\u00e9dicament Qu\u00e9bec\",\"url\":\"https:\\\/\\\/medicamentquebec.ca\\\/\",\"logo\":{\"@type\":\"ImageObject\",\"inLanguage\":\"fr-FR\",\"@id\":\"https:\\\/\\\/medicamentquebec.ca\\\/#\\\/schema\\\/logo\\\/image\\\/\",\"url\":\"https:\\\/\\\/medicamentquebec.ca\\\/wp-content\\\/uploads\\\/2021\\\/06\\\/logo-alt_mq.png\",\"contentUrl\":\"https:\\\/\\\/medicamentquebec.ca\\\/wp-content\\\/uploads\\\/2021\\\/06\\\/logo-alt_mq.png\",\"width\":494,\"height\":266,\"caption\":\"M\u00e9dicament Qu\u00e9bec\"},\"image\":{\"@id\":\"https:\\\/\\\/medicamentquebec.ca\\\/#\\\/schema\\\/logo\\\/image\\\/\"}}]}<\/script>\n<!-- \/ Yoast SEO plugin. -->","yoast_head_json":{"title":"Publications - M\u00e9dicament Qu\u00e9bec","description":"En favorisant les partenariats entre les universit\u00e9s, les coll\u00e8ges et des entreprises pharmaceutiques, M\u00e9dicament Qu\u00e9bec acc\u00e9l\u00e8re la d\u00e9couverte et la production du m\u00e9dicament et l\u2019innovation en sant\u00e9.","robots":{"index":"index","follow":"follow","max-snippet":"max-snippet:-1","max-image-preview":"max-image-preview:large","max-video-preview":"max-video-preview:-1"},"canonical":"https:\/\/medicamentquebec.ca\/index.php\/homepage\/publications\/","og_locale":"fr_FR","og_type":"article","og_title":"Publications - M\u00e9dicament Qu\u00e9bec","og_description":"En favorisant les partenariats entre les universit\u00e9s, les coll\u00e8ges et des entreprises pharmaceutiques, M\u00e9dicament Qu\u00e9bec acc\u00e9l\u00e8re la d\u00e9couverte et la production du m\u00e9dicament et l\u2019innovation en sant\u00e9.","og_url":"https:\/\/medicamentquebec.ca\/index.php\/homepage\/publications\/","og_site_name":"M\u00e9dicament Qu\u00e9bec","article_modified_time":"2026-04-22T16:01:05+00:00","twitter_card":"summary_large_image","twitter_misc":{"Dur\u00e9e de lecture estim\u00e9e":"1 minute"},"schema":{"@context":"https:\/\/schema.org","@graph":[{"@type":"WebPage","@id":"https:\/\/medicamentquebec.ca\/index.php\/homepage\/publications\/","url":"https:\/\/medicamentquebec.ca\/index.php\/homepage\/publications\/","name":"Publications - M\u00e9dicament Qu\u00e9bec","isPartOf":{"@id":"https:\/\/medicamentquebec.ca\/#website"},"datePublished":"2026-04-22T15:54:35+00:00","dateModified":"2026-04-22T16:01:05+00:00","description":"En favorisant les partenariats entre les universit\u00e9s, les coll\u00e8ges et des entreprises pharmaceutiques, M\u00e9dicament Qu\u00e9bec acc\u00e9l\u00e8re la d\u00e9couverte et la production du m\u00e9dicament et l\u2019innovation en sant\u00e9.","breadcrumb":{"@id":"https:\/\/medicamentquebec.ca\/index.php\/homepage\/publications\/#breadcrumb"},"inLanguage":"fr-FR","potentialAction":[{"@type":"ReadAction","target":["https:\/\/medicamentquebec.ca\/index.php\/homepage\/publications\/"]}]},{"@type":"BreadcrumbList","@id":"https:\/\/medicamentquebec.ca\/index.php\/homepage\/publications\/#breadcrumb","itemListElement":[{"@type":"ListItem","position":1,"name":"Accueil","item":"https:\/\/medicamentquebec.ca\/"},{"@type":"ListItem","position":2,"name":"Accueil","item":"https:\/\/medicamentquebec.ca\/"},{"@type":"ListItem","position":3,"name":"Publications"}]},{"@type":"WebSite","@id":"https:\/\/medicamentquebec.ca\/#website","url":"https:\/\/medicamentquebec.ca\/","name":"M\u00e9dicament Qu\u00e9bec","description":"","publisher":{"@id":"https:\/\/medicamentquebec.ca\/#organization"},"potentialAction":[{"@type":"SearchAction","target":{"@type":"EntryPoint","urlTemplate":"https:\/\/medicamentquebec.ca\/?s={search_term_string}"},"query-input":{"@type":"PropertyValueSpecification","valueRequired":true,"valueName":"search_term_string"}}],"inLanguage":"fr-FR"},{"@type":"Organization","@id":"https:\/\/medicamentquebec.ca\/#organization","name":"M\u00e9dicament Qu\u00e9bec","url":"https:\/\/medicamentquebec.ca\/","logo":{"@type":"ImageObject","inLanguage":"fr-FR","@id":"https:\/\/medicamentquebec.ca\/#\/schema\/logo\/image\/","url":"https:\/\/medicamentquebec.ca\/wp-content\/uploads\/2021\/06\/logo-alt_mq.png","contentUrl":"https:\/\/medicamentquebec.ca\/wp-content\/uploads\/2021\/06\/logo-alt_mq.png","width":494,"height":266,"caption":"M\u00e9dicament Qu\u00e9bec"},"image":{"@id":"https:\/\/medicamentquebec.ca\/#\/schema\/logo\/image\/"}}]}},"_links":{"self":[{"href":"https:\/\/medicamentquebec.ca\/index.php\/wp-json\/wp\/v2\/pages\/3607","targetHints":{"allow":["GET"]}}],"collection":[{"href":"https:\/\/medicamentquebec.ca\/index.php\/wp-json\/wp\/v2\/pages"}],"about":[{"href":"https:\/\/medicamentquebec.ca\/index.php\/wp-json\/wp\/v2\/types\/page"}],"author":[{"embeddable":true,"href":"https:\/\/medicamentquebec.ca\/index.php\/wp-json\/wp\/v2\/users\/7"}],"replies":[{"embeddable":true,"href":"https:\/\/medicamentquebec.ca\/index.php\/wp-json\/wp\/v2\/comments?post=3607"}],"version-history":[{"count":3,"href":"https:\/\/medicamentquebec.ca\/index.php\/wp-json\/wp\/v2\/pages\/3607\/revisions"}],"predecessor-version":[{"id":3611,"href":"https:\/\/medicamentquebec.ca\/index.php\/wp-json\/wp\/v2\/pages\/3607\/revisions\/3611"}],"up":[{"embeddable":true,"href":"https:\/\/medicamentquebec.ca\/index.php\/wp-json\/wp\/v2\/pages\/82"}],"wp:attachment":[{"href":"https:\/\/medicamentquebec.ca\/index.php\/wp-json\/wp\/v2\/media?parent=3607"}],"curies":[{"name":"wp","href":"https:\/\/api.w.org\/{rel}","templated":true}]}}