{"id":545,"date":"2021-09-22T15:34:42","date_gmt":"2021-09-22T19:34:42","guid":{"rendered":"https:\/\/medicamentquebec.ca\/?page_id=545"},"modified":"2021-12-14T09:42:36","modified_gmt":"2021-12-14T14:42:36","slug":"about","status":"publish","type":"page","link":"https:\/\/medicamentquebec.ca\/index.php\/home\/about\/?lang=en","title":{"rendered":"About"},"content":{"rendered":"<p>[vc_row bg_type=&#8221;bg_color&#8221;][vc_column]<div class=\"dt-title-wrapper\"><h1 class=\"section-title\">Mission, Mandate and Objectives<\/h1><\/div>[vc_row_inner][vc_column_inner][vc_column_text]<\/p>\n<h2>Mission<\/h2>\n<div>\n<p>M\u00e9dicament Qu\u00e9bec supports collaboration and infrastructure development activities involving academic and industrial partners with a view to repositioning Quebec&#8217;s pharmaceutical industry and increasing the province&#8217;s independence in the discovery, development and production of active ingredients used to make known or innovative drugs. Ultimately, the goal is to strengthen Quebec&#8217;s pharmaceutical supply chain and industry.<\/p><\/div>\n<p>[\/vc_column_text][vc_column_text]<\/p>\n<div>\n<h2>Mandate<\/h2>\n<\/div>\n<div>\n<ol>\n<li>\u00a0Initiate work on three strategic pillars by supporting activities that involve and enrich the organization&#8217;s academic and industrial partners.<\/li>\n<li>\u00a0Create other units involving academia and industry to encourage collaboration or develop needed infrastructures to revitalize the pharmaceutical industry, with a view to:\n<ul>\n<li>Increasing the supply chain security;<\/li>\n<li>strengthening drug discovery and production chain.<\/li>\n<\/ul>\n<\/li>\n<\/ol>\n<\/div>\n<p>[\/vc_column_text][vc_column_text]<\/p>\n<div>\n<h2>Goals<\/h2>\n<\/div>\n<div>\n<ol>\n<li>Capitalize on the expertise and infrastructure available in universities and colleges in order to increase synergies and foster sharing in the \u00a0pharmaceutical field.<\/li>\n<li>Support the creation of a unit dedicated to the synthesis and production of active ingredients used to make generic drugs.<\/li>\n<li>Increase the potential for discovering, developing and producing innovative drugs for clinical trials.<\/li>\n<li>Incorporate digital intelligence approaches into the drug discovery, development and supply processes.<\/li>\n<li>Foster partnerships with generic and innovative drug makers, biotechnology companies and manufacturing firms.<\/li>\n<li>Create a training unit that covers academic and corporate environments to promote discovery and innovation.<\/li>\n<\/ol>\n<\/div>\n<p>[\/vc_column_text][\/vc_column_inner][\/vc_row_inner][\/vc_column][\/vc_row][vc_row][vc_column][vc_column_text][\/vc_column_text][\/vc_column][\/vc_row]<\/p>\n","protected":false},"excerpt":{"rendered":"<p>[vc_row bg_type=&#8221;bg_color&#8221;][vc_column][vc_row_inner][vc_column_inner][vc_column_text] Mission M\u00e9dicament Qu\u00e9bec supports collaboration and infrastructure development activities involving academic and industrial partners with a view to repositioning Quebec&#8217;s pharmaceutical industry and&#8230;<\/p>\n<p class=\"readmore\"><a class=\"more-btn\" href=\"https:\/\/medicamentquebec.ca\/index.php\/home\/about\/?lang=en\">Lire la suite<\/a><\/p>\n","protected":false},"author":1,"featured_media":0,"parent":551,"menu_order":0,"comment_status":"closed","ping_status":"open","template":"template-homepage.php","meta":{"footnotes":""},"class_list":["post-545","page","type-page","status-publish","hentry"],"yoast_head":"<!-- This site is optimized with the Yoast SEO plugin v27.3 - https:\/\/yoast.com\/product\/yoast-seo-wordpress\/ -->\n<title>About - M\u00e9dicament Qu\u00e9bec<\/title>\n<meta name=\"description\" content=\"En favorisant les partenariats entre les universit\u00e9s, les coll\u00e8ges et des entreprises pharmaceutiques, M\u00e9dicament Qu\u00e9bec acc\u00e9l\u00e8re la d\u00e9couverte et la production du m\u00e9dicament et l\u2019innovation en sant\u00e9.\" \/>\n<meta name=\"robots\" content=\"index, follow, max-snippet:-1, max-image-preview:large, max-video-preview:-1\" \/>\n<link rel=\"canonical\" href=\"https:\/\/medicamentquebec.ca\/index.php\/home\/about\/\" \/>\n<meta property=\"og:locale\" content=\"fr_FR\" \/>\n<meta property=\"og:type\" content=\"article\" \/>\n<meta property=\"og:title\" content=\"About - M\u00e9dicament Qu\u00e9bec\" \/>\n<meta property=\"og:description\" content=\"En favorisant les partenariats entre les universit\u00e9s, les coll\u00e8ges et des entreprises pharmaceutiques, M\u00e9dicament Qu\u00e9bec acc\u00e9l\u00e8re la d\u00e9couverte et la production du m\u00e9dicament et l\u2019innovation en sant\u00e9.\" \/>\n<meta property=\"og:url\" content=\"https:\/\/medicamentquebec.ca\/index.php\/home\/about\/?lang=en\" \/>\n<meta property=\"og:site_name\" content=\"M\u00e9dicament Qu\u00e9bec\" \/>\n<meta property=\"article:modified_time\" content=\"2021-12-14T14:42:36+00:00\" \/>\n<meta name=\"twitter:card\" content=\"summary_large_image\" \/>\n<meta name=\"twitter:label1\" content=\"Dur\u00e9e de lecture estim\u00e9e\" \/>\n\t<meta name=\"twitter:data1\" content=\"1 minute\" \/>\n<script type=\"application\/ld+json\" class=\"yoast-schema-graph\">{\"@context\":\"https:\\\/\\\/schema.org\",\"@graph\":[{\"@type\":\"WebPage\",\"@id\":\"https:\\\/\\\/medicamentquebec.ca\\\/index.php\\\/home\\\/about\\\/?lang=en\",\"url\":\"https:\\\/\\\/medicamentquebec.ca\\\/index.php\\\/home\\\/about\\\/?lang=en\",\"name\":\"About - M\u00e9dicament Qu\u00e9bec\",\"isPartOf\":{\"@id\":\"https:\\\/\\\/medicamentquebec.ca\\\/#website\"},\"datePublished\":\"2021-09-22T19:34:42+00:00\",\"dateModified\":\"2021-12-14T14:42:36+00:00\",\"description\":\"En favorisant les partenariats entre les universit\u00e9s, les coll\u00e8ges et des entreprises pharmaceutiques, M\u00e9dicament Qu\u00e9bec acc\u00e9l\u00e8re la d\u00e9couverte et la production du m\u00e9dicament et l\u2019innovation en sant\u00e9.\",\"breadcrumb\":{\"@id\":\"https:\\\/\\\/medicamentquebec.ca\\\/index.php\\\/home\\\/about\\\/?lang=en#breadcrumb\"},\"inLanguage\":\"fr-FR\",\"potentialAction\":[{\"@type\":\"ReadAction\",\"target\":[\"https:\\\/\\\/medicamentquebec.ca\\\/index.php\\\/home\\\/about\\\/?lang=en\"]}]},{\"@type\":\"BreadcrumbList\",\"@id\":\"https:\\\/\\\/medicamentquebec.ca\\\/index.php\\\/home\\\/about\\\/?lang=en#breadcrumb\",\"itemListElement\":[{\"@type\":\"ListItem\",\"position\":1,\"name\":\"Accueil\",\"item\":\"https:\\\/\\\/medicamentquebec.ca\\\/\"},{\"@type\":\"ListItem\",\"position\":2,\"name\":\"Home\",\"item\":\"https:\\\/\\\/medicamentquebec.ca\\\/\"},{\"@type\":\"ListItem\",\"position\":3,\"name\":\"About\"}]},{\"@type\":\"WebSite\",\"@id\":\"https:\\\/\\\/medicamentquebec.ca\\\/#website\",\"url\":\"https:\\\/\\\/medicamentquebec.ca\\\/\",\"name\":\"M\u00e9dicament Qu\u00e9bec\",\"description\":\"\",\"publisher\":{\"@id\":\"https:\\\/\\\/medicamentquebec.ca\\\/#organization\"},\"potentialAction\":[{\"@type\":\"SearchAction\",\"target\":{\"@type\":\"EntryPoint\",\"urlTemplate\":\"https:\\\/\\\/medicamentquebec.ca\\\/?s={search_term_string}\"},\"query-input\":{\"@type\":\"PropertyValueSpecification\",\"valueRequired\":true,\"valueName\":\"search_term_string\"}}],\"inLanguage\":\"fr-FR\"},{\"@type\":\"Organization\",\"@id\":\"https:\\\/\\\/medicamentquebec.ca\\\/#organization\",\"name\":\"M\u00e9dicament Qu\u00e9bec\",\"url\":\"https:\\\/\\\/medicamentquebec.ca\\\/\",\"logo\":{\"@type\":\"ImageObject\",\"inLanguage\":\"fr-FR\",\"@id\":\"https:\\\/\\\/medicamentquebec.ca\\\/#\\\/schema\\\/logo\\\/image\\\/\",\"url\":\"https:\\\/\\\/medicamentquebec.ca\\\/wp-content\\\/uploads\\\/2021\\\/06\\\/logo-alt_mq.png\",\"contentUrl\":\"https:\\\/\\\/medicamentquebec.ca\\\/wp-content\\\/uploads\\\/2021\\\/06\\\/logo-alt_mq.png\",\"width\":494,\"height\":266,\"caption\":\"M\u00e9dicament Qu\u00e9bec\"},\"image\":{\"@id\":\"https:\\\/\\\/medicamentquebec.ca\\\/#\\\/schema\\\/logo\\\/image\\\/\"}}]}<\/script>\n<!-- \/ Yoast SEO plugin. -->","yoast_head_json":{"title":"About - M\u00e9dicament Qu\u00e9bec","description":"En favorisant les partenariats entre les universit\u00e9s, les coll\u00e8ges et des entreprises pharmaceutiques, M\u00e9dicament Qu\u00e9bec acc\u00e9l\u00e8re la d\u00e9couverte et la production du m\u00e9dicament et l\u2019innovation en sant\u00e9.","robots":{"index":"index","follow":"follow","max-snippet":"max-snippet:-1","max-image-preview":"max-image-preview:large","max-video-preview":"max-video-preview:-1"},"canonical":"https:\/\/medicamentquebec.ca\/index.php\/home\/about\/","og_locale":"fr_FR","og_type":"article","og_title":"About - M\u00e9dicament Qu\u00e9bec","og_description":"En favorisant les partenariats entre les universit\u00e9s, les coll\u00e8ges et des entreprises pharmaceutiques, M\u00e9dicament Qu\u00e9bec acc\u00e9l\u00e8re la d\u00e9couverte et la production du m\u00e9dicament et l\u2019innovation en sant\u00e9.","og_url":"https:\/\/medicamentquebec.ca\/index.php\/home\/about\/?lang=en","og_site_name":"M\u00e9dicament Qu\u00e9bec","article_modified_time":"2021-12-14T14:42:36+00:00","twitter_card":"summary_large_image","twitter_misc":{"Dur\u00e9e de lecture estim\u00e9e":"1 minute"},"schema":{"@context":"https:\/\/schema.org","@graph":[{"@type":"WebPage","@id":"https:\/\/medicamentquebec.ca\/index.php\/home\/about\/?lang=en","url":"https:\/\/medicamentquebec.ca\/index.php\/home\/about\/?lang=en","name":"About - M\u00e9dicament Qu\u00e9bec","isPartOf":{"@id":"https:\/\/medicamentquebec.ca\/#website"},"datePublished":"2021-09-22T19:34:42+00:00","dateModified":"2021-12-14T14:42:36+00:00","description":"En favorisant les partenariats entre les universit\u00e9s, les coll\u00e8ges et des entreprises pharmaceutiques, M\u00e9dicament Qu\u00e9bec acc\u00e9l\u00e8re la d\u00e9couverte et la production du m\u00e9dicament et l\u2019innovation en sant\u00e9.","breadcrumb":{"@id":"https:\/\/medicamentquebec.ca\/index.php\/home\/about\/?lang=en#breadcrumb"},"inLanguage":"fr-FR","potentialAction":[{"@type":"ReadAction","target":["https:\/\/medicamentquebec.ca\/index.php\/home\/about\/?lang=en"]}]},{"@type":"BreadcrumbList","@id":"https:\/\/medicamentquebec.ca\/index.php\/home\/about\/?lang=en#breadcrumb","itemListElement":[{"@type":"ListItem","position":1,"name":"Accueil","item":"https:\/\/medicamentquebec.ca\/"},{"@type":"ListItem","position":2,"name":"Home","item":"https:\/\/medicamentquebec.ca\/"},{"@type":"ListItem","position":3,"name":"About"}]},{"@type":"WebSite","@id":"https:\/\/medicamentquebec.ca\/#website","url":"https:\/\/medicamentquebec.ca\/","name":"M\u00e9dicament Qu\u00e9bec","description":"","publisher":{"@id":"https:\/\/medicamentquebec.ca\/#organization"},"potentialAction":[{"@type":"SearchAction","target":{"@type":"EntryPoint","urlTemplate":"https:\/\/medicamentquebec.ca\/?s={search_term_string}"},"query-input":{"@type":"PropertyValueSpecification","valueRequired":true,"valueName":"search_term_string"}}],"inLanguage":"fr-FR"},{"@type":"Organization","@id":"https:\/\/medicamentquebec.ca\/#organization","name":"M\u00e9dicament Qu\u00e9bec","url":"https:\/\/medicamentquebec.ca\/","logo":{"@type":"ImageObject","inLanguage":"fr-FR","@id":"https:\/\/medicamentquebec.ca\/#\/schema\/logo\/image\/","url":"https:\/\/medicamentquebec.ca\/wp-content\/uploads\/2021\/06\/logo-alt_mq.png","contentUrl":"https:\/\/medicamentquebec.ca\/wp-content\/uploads\/2021\/06\/logo-alt_mq.png","width":494,"height":266,"caption":"M\u00e9dicament Qu\u00e9bec"},"image":{"@id":"https:\/\/medicamentquebec.ca\/#\/schema\/logo\/image\/"}}]}},"_links":{"self":[{"href":"https:\/\/medicamentquebec.ca\/index.php\/wp-json\/wp\/v2\/pages\/545","targetHints":{"allow":["GET"]}}],"collection":[{"href":"https:\/\/medicamentquebec.ca\/index.php\/wp-json\/wp\/v2\/pages"}],"about":[{"href":"https:\/\/medicamentquebec.ca\/index.php\/wp-json\/wp\/v2\/types\/page"}],"author":[{"embeddable":true,"href":"https:\/\/medicamentquebec.ca\/index.php\/wp-json\/wp\/v2\/users\/1"}],"replies":[{"embeddable":true,"href":"https:\/\/medicamentquebec.ca\/index.php\/wp-json\/wp\/v2\/comments?post=545"}],"version-history":[{"count":5,"href":"https:\/\/medicamentquebec.ca\/index.php\/wp-json\/wp\/v2\/pages\/545\/revisions"}],"predecessor-version":[{"id":688,"href":"https:\/\/medicamentquebec.ca\/index.php\/wp-json\/wp\/v2\/pages\/545\/revisions\/688"}],"up":[{"embeddable":true,"href":"https:\/\/medicamentquebec.ca\/index.php\/wp-json\/wp\/v2\/pages\/551"}],"wp:attachment":[{"href":"https:\/\/medicamentquebec.ca\/index.php\/wp-json\/wp\/v2\/media?parent=545"}],"curies":[{"name":"wp","href":"https:\/\/api.w.org\/{rel}","templated":true}]}}