{"id":597,"date":"2021-09-23T15:14:33","date_gmt":"2021-09-23T19:14:33","guid":{"rendered":"https:\/\/medicamentquebec.ca\/?page_id=597"},"modified":"2021-09-23T15:14:33","modified_gmt":"2021-09-23T19:14:33","slug":"governance-committee","status":"publish","type":"page","link":"https:\/\/medicamentquebec.ca\/index.php\/home\/governance-committee\/?lang=en","title":{"rendered":"Governance Committee"},"content":{"rendered":"<p>[vc_row][vc_column][vc_row_inner][vc_column_inner]<div class=\"dt-title-wrapper\"><h1 class=\"section-title\">Governance Committee<\/h1><\/div>[vc_column_text]<\/p>\n<div>\n<p>The Governance Committee oversees M\u00e9dicament Qu\u00e9bec.<\/p>\n<\/div>\n<h2><\/h2>\n<h2>Mandate<\/h2>\n<div>\n<div>\n<ul>\n<li>To unite the various university, college and industry stakeholders active in the pharmaceutical field;<\/li>\n<li>Identify opportunities to strengthen the main pillars funded under the grant agreement;<\/li>\n<li>Develop a strategic vision for revitalizing Quebec&#8217;s pharmaceutical industry;<\/li>\n<li>Identify innovative, multi-institutional and multi-organizational activities that could lead to collective solutions and substantial benefits for the province&#8217;s pharmaceutical industry;<\/li>\n<li>Support M\u00e9dicament Qu\u00e9bec&#8217;s strategic vision by developing complementary pillars to support the industry&#8217;s recovery;<\/li>\n<li>Develop funding avenues for research projects conducted with partners;<\/li>\n<li>Establish the operating budget;<\/li>\n<li>Propose an annual plan of activities funded by the grant;<\/li>\n<li>Approve the annual and financial reports;<\/li>\n<li>Implement and monitor activities.<\/li>\n<\/ul>\n<h2>Composition<\/h2>\n<h2><\/h2>\n<\/div>\n<div>\n<p>The Governance Committee is chaired by Universit\u00e9 de Montr\u00e9al and its composition was approved by Quebec&#8217;s Ministry of Economy and Innovation.<\/p>\n<\/div>\n<\/div>\n<p>[\/vc_column_text][vc_column_text]\n<table id=\"tablepress-2\" class=\"tablepress tablepress-id-2\">\n<tbody>\n<tr class=\"row-1\">\n\t<td class=\"column-1\">Representative of the Fonds de recherche du Qu\u00e9bec \u2013 Sant\u00e9 who chairs the committee<\/td><td class=\"column-2\"><strong>Carole Jabet<\/strong><br \/>\nScientific Director<br \/>\nFonds de recherche du Qu\u00e9bec \u2013 Sant\u00e9<br \/>\n<br \/>\n<\/td>\n<\/tr>\n<tr class=\"row-2\">\n\t<td class=\"column-1\">One (1) representative from each of the participating universities<\/td><td class=\"column-2\"><strong>Sylvie Lesage<\/strong><br \/>\nAssociate Vice-Rector for Research and Innovation (Health Sector), Universit\u00e9 de Montr\u00e9al<br \/>\n<br \/>\n<strong>Fr\u00e9d\u00e9ric Picard<\/strong><br \/>\nVice-Rector, Research, Creation and Innovation<br \/>\nUniversit\u00e9 Laval<br \/>\n<br \/>\n<strong>Anne Lessard<\/strong><br \/>\nVice-Rector for Research and Vice-Rector for International Relations,<br \/>\nUniversit\u00e9 de Sherbrooke<br \/>\n<br \/>\n<strong>Philippe Gros<\/strong><br \/>\nDeputy Vice-Principal, Research and Innovation<br \/>\nMcGill University<br \/>\n<\/td>\n<\/tr>\n<tr class=\"row-3\">\n\t<td class=\"column-1\">One (1) representative from a college or centre for technology transfer<\/td><td class=\"column-2\"><strong>Nancy D\u00e9ziel<\/strong><br \/>\nExecutive Director<br \/>\nNational Centre in Electrochemistry and Environmental Technologies<br \/>\n<br \/>\n<\/td>\n<\/tr>\n<tr class=\"row-4\">\n\t<td class=\"column-1\">Five (5) industry representatives<\/td><td class=\"column-2\"><strong>Pierre Beauparlant<\/strong><br \/>\nExecutive Managing Director, Finchley Healthcare Ventures, Pharmascience Inc.<br \/>\n<br \/>\n<strong>Roger-Ketcha Ngassam<\/strong><br \/>\nSite Director, Moderna<br \/>\n <br \/>\n<strong>David Cotnoir-White<\/strong><br \/>\nCo-Founder and Chief Executive Officer, Modulari-T<br \/>\n<br \/>\n<strong>C\u00e9dric H\u00e9roux<\/strong><br \/>\nGeneral Manager, Biodextris<\/td>\n<\/tr>\n<tr class=\"row-5\">\n\t<td class=\"column-1\">Representative(s) of the Ministry of Economy, Innovation and Energy (Observer(s))<\/td><td class=\"column-2\"><strong>Marco Blouin<\/strong><br \/>\nDirector General<br \/>\nScience and Partnerships Branch<br \/>\nMinistry of Economy, Innovation and Energy<br \/>\n<br \/>\n<strong>Brigitte St-Denis<\/strong><br \/>\nSenior Sector Advisor<br \/>\nLife Sciences and Environmental Technologies Division<br \/>\nMinistry of Economy, Innovation and Energy<br \/>\n<br \/>\n<strong>Annie Blouin<\/strong><br \/>\nOrganizational Support<br \/>\nMinistry of Economy, Innovation and Energy<br \/>\n<br \/>\n<strong>Bi Toubouhi Hermann Sehi<\/strong><br \/>\nLife Sciences Advisor<br \/>\nOrganizational Support Directorate<br \/>\nMinistry of Economy, Innovation and Energy<\/td>\n<\/tr>\n<tr class=\"row-6\">\n\t<td class=\"column-1\">Representative of  minist\u00e8re de la Sant\u00e9 et des Services sociaux<\/td><td class=\"column-2\"><strong>Julie Couture<\/strong><br \/>\nDirectrice<br \/>\nDirection de la recherche et de la coordination interne<br \/>\nMinist\u00e8re de la sant\u00e9 et des services sociaux<\/td>\n<\/tr>\n<tr class=\"row-7\">\n\t<td class=\"column-1\">Project Director (Observer)<\/td><td class=\"column-2\"><strong>Arianne Trudeau<\/strong><br \/>\nProject Director<br \/>\nUniversit\u00e9 de Montr\u00e9al<br \/>\n<br \/>\n<\/td>\n<\/tr>\n<\/tbody>\n<\/table>\n[\/vc_column_text][\/vc_column_inner][\/vc_row_inner][\/vc_column][\/vc_row]<\/p>\n","protected":false},"excerpt":{"rendered":"<p>[vc_row][vc_column][vc_row_inner][vc_column_inner][vc_column_text] The Governance Committee oversees M\u00e9dicament Qu\u00e9bec. Mandate To unite the various university, college and industry stakeholders active in the pharmaceutical field; Identify opportunities to&#8230;<\/p>\n<p class=\"readmore\"><a class=\"more-btn\" href=\"https:\/\/medicamentquebec.ca\/index.php\/home\/governance-committee\/?lang=en\">Lire la suite<\/a><\/p>\n","protected":false},"author":1,"featured_media":0,"parent":551,"menu_order":0,"comment_status":"closed","ping_status":"closed","template":"template-homepage.php","meta":{"footnotes":""},"class_list":["post-597","page","type-page","status-publish","hentry"],"yoast_head":"<!-- This site is optimized with the Yoast SEO plugin v27.3 - https:\/\/yoast.com\/product\/yoast-seo-wordpress\/ -->\n<title>Governance Committee - M\u00e9dicament Qu\u00e9bec<\/title>\n<meta name=\"description\" content=\"En favorisant les partenariats entre les universit\u00e9s, les coll\u00e8ges et des entreprises pharmaceutiques, M\u00e9dicament Qu\u00e9bec acc\u00e9l\u00e8re la d\u00e9couverte et la production du m\u00e9dicament et l\u2019innovation en sant\u00e9.\" \/>\n<meta name=\"robots\" content=\"index, follow, max-snippet:-1, max-image-preview:large, max-video-preview:-1\" \/>\n<link rel=\"canonical\" href=\"https:\/\/medicamentquebec.ca\/index.php\/home\/governance-committee\/\" \/>\n<meta property=\"og:locale\" content=\"fr_FR\" \/>\n<meta property=\"og:type\" content=\"article\" \/>\n<meta property=\"og:title\" content=\"Governance Committee - M\u00e9dicament Qu\u00e9bec\" \/>\n<meta property=\"og:description\" content=\"En favorisant les partenariats entre les universit\u00e9s, les coll\u00e8ges et des entreprises pharmaceutiques, M\u00e9dicament Qu\u00e9bec acc\u00e9l\u00e8re la d\u00e9couverte et la production du m\u00e9dicament et l\u2019innovation en sant\u00e9.\" \/>\n<meta property=\"og:url\" content=\"https:\/\/medicamentquebec.ca\/index.php\/home\/governance-committee\/?lang=en\" \/>\n<meta property=\"og:site_name\" content=\"M\u00e9dicament Qu\u00e9bec\" \/>\n<meta name=\"twitter:card\" content=\"summary_large_image\" \/>\n<meta name=\"twitter:label1\" content=\"Dur\u00e9e de lecture estim\u00e9e\" \/>\n\t<meta name=\"twitter:data1\" content=\"1 minute\" \/>\n<script type=\"application\/ld+json\" class=\"yoast-schema-graph\">{\"@context\":\"https:\\\/\\\/schema.org\",\"@graph\":[{\"@type\":\"WebPage\",\"@id\":\"https:\\\/\\\/medicamentquebec.ca\\\/index.php\\\/home\\\/governance-committee\\\/?lang=en\",\"url\":\"https:\\\/\\\/medicamentquebec.ca\\\/index.php\\\/home\\\/governance-committee\\\/?lang=en\",\"name\":\"Governance Committee - M\u00e9dicament Qu\u00e9bec\",\"isPartOf\":{\"@id\":\"https:\\\/\\\/medicamentquebec.ca\\\/#website\"},\"datePublished\":\"2021-09-23T19:14:33+00:00\",\"description\":\"En favorisant les partenariats entre les universit\u00e9s, les coll\u00e8ges et des entreprises pharmaceutiques, M\u00e9dicament Qu\u00e9bec acc\u00e9l\u00e8re la d\u00e9couverte et la production du m\u00e9dicament et l\u2019innovation en sant\u00e9.\",\"breadcrumb\":{\"@id\":\"https:\\\/\\\/medicamentquebec.ca\\\/index.php\\\/home\\\/governance-committee\\\/?lang=en#breadcrumb\"},\"inLanguage\":\"fr-FR\",\"potentialAction\":[{\"@type\":\"ReadAction\",\"target\":[\"https:\\\/\\\/medicamentquebec.ca\\\/index.php\\\/home\\\/governance-committee\\\/?lang=en\"]}]},{\"@type\":\"BreadcrumbList\",\"@id\":\"https:\\\/\\\/medicamentquebec.ca\\\/index.php\\\/home\\\/governance-committee\\\/?lang=en#breadcrumb\",\"itemListElement\":[{\"@type\":\"ListItem\",\"position\":1,\"name\":\"Accueil\",\"item\":\"https:\\\/\\\/medicamentquebec.ca\\\/\"},{\"@type\":\"ListItem\",\"position\":2,\"name\":\"Home\",\"item\":\"https:\\\/\\\/medicamentquebec.ca\\\/\"},{\"@type\":\"ListItem\",\"position\":3,\"name\":\"Governance Committee\"}]},{\"@type\":\"WebSite\",\"@id\":\"https:\\\/\\\/medicamentquebec.ca\\\/#website\",\"url\":\"https:\\\/\\\/medicamentquebec.ca\\\/\",\"name\":\"M\u00e9dicament Qu\u00e9bec\",\"description\":\"\",\"publisher\":{\"@id\":\"https:\\\/\\\/medicamentquebec.ca\\\/#organization\"},\"potentialAction\":[{\"@type\":\"SearchAction\",\"target\":{\"@type\":\"EntryPoint\",\"urlTemplate\":\"https:\\\/\\\/medicamentquebec.ca\\\/?s={search_term_string}\"},\"query-input\":{\"@type\":\"PropertyValueSpecification\",\"valueRequired\":true,\"valueName\":\"search_term_string\"}}],\"inLanguage\":\"fr-FR\"},{\"@type\":\"Organization\",\"@id\":\"https:\\\/\\\/medicamentquebec.ca\\\/#organization\",\"name\":\"M\u00e9dicament Qu\u00e9bec\",\"url\":\"https:\\\/\\\/medicamentquebec.ca\\\/\",\"logo\":{\"@type\":\"ImageObject\",\"inLanguage\":\"fr-FR\",\"@id\":\"https:\\\/\\\/medicamentquebec.ca\\\/#\\\/schema\\\/logo\\\/image\\\/\",\"url\":\"https:\\\/\\\/medicamentquebec.ca\\\/wp-content\\\/uploads\\\/2021\\\/06\\\/logo-alt_mq.png\",\"contentUrl\":\"https:\\\/\\\/medicamentquebec.ca\\\/wp-content\\\/uploads\\\/2021\\\/06\\\/logo-alt_mq.png\",\"width\":494,\"height\":266,\"caption\":\"M\u00e9dicament Qu\u00e9bec\"},\"image\":{\"@id\":\"https:\\\/\\\/medicamentquebec.ca\\\/#\\\/schema\\\/logo\\\/image\\\/\"}}]}<\/script>\n<!-- \/ Yoast SEO plugin. -->","yoast_head_json":{"title":"Governance Committee - M\u00e9dicament Qu\u00e9bec","description":"En favorisant les partenariats entre les universit\u00e9s, les coll\u00e8ges et des entreprises pharmaceutiques, M\u00e9dicament Qu\u00e9bec acc\u00e9l\u00e8re la d\u00e9couverte et la production du m\u00e9dicament et l\u2019innovation en sant\u00e9.","robots":{"index":"index","follow":"follow","max-snippet":"max-snippet:-1","max-image-preview":"max-image-preview:large","max-video-preview":"max-video-preview:-1"},"canonical":"https:\/\/medicamentquebec.ca\/index.php\/home\/governance-committee\/","og_locale":"fr_FR","og_type":"article","og_title":"Governance Committee - M\u00e9dicament Qu\u00e9bec","og_description":"En favorisant les partenariats entre les universit\u00e9s, les coll\u00e8ges et des entreprises pharmaceutiques, M\u00e9dicament Qu\u00e9bec acc\u00e9l\u00e8re la d\u00e9couverte et la production du m\u00e9dicament et l\u2019innovation en sant\u00e9.","og_url":"https:\/\/medicamentquebec.ca\/index.php\/home\/governance-committee\/?lang=en","og_site_name":"M\u00e9dicament Qu\u00e9bec","twitter_card":"summary_large_image","twitter_misc":{"Dur\u00e9e de lecture estim\u00e9e":"1 minute"},"schema":{"@context":"https:\/\/schema.org","@graph":[{"@type":"WebPage","@id":"https:\/\/medicamentquebec.ca\/index.php\/home\/governance-committee\/?lang=en","url":"https:\/\/medicamentquebec.ca\/index.php\/home\/governance-committee\/?lang=en","name":"Governance Committee - M\u00e9dicament Qu\u00e9bec","isPartOf":{"@id":"https:\/\/medicamentquebec.ca\/#website"},"datePublished":"2021-09-23T19:14:33+00:00","description":"En favorisant les partenariats entre les universit\u00e9s, les coll\u00e8ges et des entreprises pharmaceutiques, M\u00e9dicament Qu\u00e9bec acc\u00e9l\u00e8re la d\u00e9couverte et la production du m\u00e9dicament et l\u2019innovation en sant\u00e9.","breadcrumb":{"@id":"https:\/\/medicamentquebec.ca\/index.php\/home\/governance-committee\/?lang=en#breadcrumb"},"inLanguage":"fr-FR","potentialAction":[{"@type":"ReadAction","target":["https:\/\/medicamentquebec.ca\/index.php\/home\/governance-committee\/?lang=en"]}]},{"@type":"BreadcrumbList","@id":"https:\/\/medicamentquebec.ca\/index.php\/home\/governance-committee\/?lang=en#breadcrumb","itemListElement":[{"@type":"ListItem","position":1,"name":"Accueil","item":"https:\/\/medicamentquebec.ca\/"},{"@type":"ListItem","position":2,"name":"Home","item":"https:\/\/medicamentquebec.ca\/"},{"@type":"ListItem","position":3,"name":"Governance Committee"}]},{"@type":"WebSite","@id":"https:\/\/medicamentquebec.ca\/#website","url":"https:\/\/medicamentquebec.ca\/","name":"M\u00e9dicament Qu\u00e9bec","description":"","publisher":{"@id":"https:\/\/medicamentquebec.ca\/#organization"},"potentialAction":[{"@type":"SearchAction","target":{"@type":"EntryPoint","urlTemplate":"https:\/\/medicamentquebec.ca\/?s={search_term_string}"},"query-input":{"@type":"PropertyValueSpecification","valueRequired":true,"valueName":"search_term_string"}}],"inLanguage":"fr-FR"},{"@type":"Organization","@id":"https:\/\/medicamentquebec.ca\/#organization","name":"M\u00e9dicament Qu\u00e9bec","url":"https:\/\/medicamentquebec.ca\/","logo":{"@type":"ImageObject","inLanguage":"fr-FR","@id":"https:\/\/medicamentquebec.ca\/#\/schema\/logo\/image\/","url":"https:\/\/medicamentquebec.ca\/wp-content\/uploads\/2021\/06\/logo-alt_mq.png","contentUrl":"https:\/\/medicamentquebec.ca\/wp-content\/uploads\/2021\/06\/logo-alt_mq.png","width":494,"height":266,"caption":"M\u00e9dicament Qu\u00e9bec"},"image":{"@id":"https:\/\/medicamentquebec.ca\/#\/schema\/logo\/image\/"}}]}},"_links":{"self":[{"href":"https:\/\/medicamentquebec.ca\/index.php\/wp-json\/wp\/v2\/pages\/597","targetHints":{"allow":["GET"]}}],"collection":[{"href":"https:\/\/medicamentquebec.ca\/index.php\/wp-json\/wp\/v2\/pages"}],"about":[{"href":"https:\/\/medicamentquebec.ca\/index.php\/wp-json\/wp\/v2\/types\/page"}],"author":[{"embeddable":true,"href":"https:\/\/medicamentquebec.ca\/index.php\/wp-json\/wp\/v2\/users\/1"}],"replies":[{"embeddable":true,"href":"https:\/\/medicamentquebec.ca\/index.php\/wp-json\/wp\/v2\/comments?post=597"}],"version-history":[{"count":3,"href":"https:\/\/medicamentquebec.ca\/index.php\/wp-json\/wp\/v2\/pages\/597\/revisions"}],"predecessor-version":[{"id":609,"href":"https:\/\/medicamentquebec.ca\/index.php\/wp-json\/wp\/v2\/pages\/597\/revisions\/609"}],"up":[{"embeddable":true,"href":"https:\/\/medicamentquebec.ca\/index.php\/wp-json\/wp\/v2\/pages\/551"}],"wp:attachment":[{"href":"https:\/\/medicamentquebec.ca\/index.php\/wp-json\/wp\/v2\/media?parent=597"}],"curies":[{"name":"wp","href":"https:\/\/api.w.org\/{rel}","templated":true}]}}